{"id":34632,"date":"2022-09-14T16:07:43","date_gmt":"2022-09-14T13:07:43","guid":{"rendered":"https:\/\/www.radiomarket.fi\/?post_type=product&#038;p=34632"},"modified":"2022-09-19T12:38:33","modified_gmt":"2022-09-19T09:38:33","slug":"lars0160-sharp-radiokasettinauhuri","status":"publish","type":"product","link":"https:\/\/www.radiomarket.fi\/en\/kohde\/lars0160-sharp-radiokasettinauhuri\/","title":{"rendered":"LARS0160 Sharp radiokasettinauhuri"},"content":{"rendered":"<p>Soiva radio (pikatestattu ULA:n osalta). Liukupotikoissa rahinaa ja v\u00e4lill\u00e4 tuntuu ett\u00e4 toinen kaiutinelementti ei l\u00e4hde mukaan (p\u00e4tkii). Vaatii huoltoa. Paristokotelon luukku tallessa. Antenni kokonainen. Kasettipuolta ei testattu. Yleismallin verkkojohto sopii (ei mukana). P\u00e4\u00e4dyss\u00e4 tukeva kahva, aikakautensa v\u00e4ripilkku. Ei tutkittu tarkemmin. Pyynn\u00f6st\u00e4 parempia kuvia.<\/p>","protected":false},"excerpt":{"rendered":"<p>Soiva radio (pikatestattu ULA:n osalta). Liukupotikoissa rahinaa ja v\u00e4lill\u00e4 tuntuu ett\u00e4 toinen kaiutinelementti ei l\u00e4hde mukaan (p\u00e4tkii). Vaatii huoltoa. Paristokotelon luukku tallessa. Antenni kokonainen. Kasettipuolta ei testattu. Yleismallin verkkojohto sopii (ei mukana). P\u00e4\u00e4dyss\u00e4 tukeva kahva, aikakautensa v\u00e4ripilkku. Ei tutkittu tarkemmin. Pyynn\u00f6st\u00e4 parempia kuvia.<\/p>","protected":false},"featured_media":34633,"template":"","meta":[],"_links":{"self":[{"href":"https:\/\/www.radiomarket.fi\/en\/wp-json\/wp\/v2\/product\/34632"}],"collection":[{"href":"https:\/\/www.radiomarket.fi\/en\/wp-json\/wp\/v2\/product"}],"about":[{"href":"https:\/\/www.radiomarket.fi\/en\/wp-json\/wp\/v2\/types\/product"}],"wp:featuredmedia":[{"embeddable":true,"href":"https:\/\/www.radiomarket.fi\/en\/wp-json\/wp\/v2\/media\/34633"}],"wp:attachment":[{"href":"https:\/\/www.radiomarket.fi\/en\/wp-json\/wp\/v2\/media?parent=34632"}],"curies":[{"name":"wp","href":"https:\/\/api.w.org\/{rel}","templated":true}]}}