{"id":34704,"date":"2022-09-20T22:48:50","date_gmt":"2022-09-20T19:48:50","guid":{"rendered":"https:\/\/www.radiomarket.fi\/?post_type=product&#038;p=34704"},"modified":"2024-08-18T08:14:20","modified_gmt":"2024-08-18T05:14:20","slug":"ekun0050-lp-levy-popeda-mustat-enkelit","status":"publish","type":"product","link":"https:\/\/www.radiomarket.fi\/en\/kohde\/ekun0050-lp-levy-popeda-mustat-enkelit\/","title":{"rendered":"EKUN0050 LP-levy Popeda Mustat Enkelit vinyylilevy"},"content":{"rendered":"<p>Kotelo rispaantunut, levyss\u00e4 naarmuja (kts. kuva)<br \/><br \/>Poko P\u00c4LP 36, 1982<br \/><br \/><\/p><p>Kappaleet<br \/>1. Kuulat sekaisin\u00a0<br \/>2. Polttaa\u00a0<br \/>3. Y\u00f6\u00a0<br \/>4. ABCD-Rock\u00a0<br \/>5. Kymmenen uutiset\u00a0<br \/>6. Varo\u00a0<br \/>7. Simo merih\u00e4d\u00e4ss\u00e4\u00a0<br \/>8. M\u00e4 unta n\u00e4in\u00a0<br \/>9. Hormoonihuulet\u00a0<br \/>10. Jos joet olis&#8230;\u00a0<br \/>11. Sika-Anteron laulu\u00a0<\/p>","protected":false},"excerpt":{"rendered":"<p>Kotelo rispaantunut, levyss\u00e4 naarmuja (kts. kuva)Poko P\u00c4LP 36, 1982Kappaleet1. Kuulat sekaisin\u00a02. Polttaa\u00a03. Y\u00f6\u00a04. ABCD-Rock\u00a05. Kymmenen uutiset\u00a06. Varo\u00a07. Simo merih\u00e4d\u00e4ss\u00e4\u00a08. M\u00e4 unta n\u00e4in\u00a09. Hormoonihuulet\u00a010. Jos joet olis&#8230;\u00a011. Sika-Anteron laulu\u00a0<\/p>","protected":false},"featured_media":34720,"template":"","meta":[],"_links":{"self":[{"href":"https:\/\/www.radiomarket.fi\/en\/wp-json\/wp\/v2\/product\/34704"}],"collection":[{"href":"https:\/\/www.radiomarket.fi\/en\/wp-json\/wp\/v2\/product"}],"about":[{"href":"https:\/\/www.radiomarket.fi\/en\/wp-json\/wp\/v2\/types\/product"}],"wp:featuredmedia":[{"embeddable":true,"href":"https:\/\/www.radiomarket.fi\/en\/wp-json\/wp\/v2\/media\/34720"}],"wp:attachment":[{"href":"https:\/\/www.radiomarket.fi\/en\/wp-json\/wp\/v2\/media?parent=34704"}],"curies":[{"name":"wp","href":"https:\/\/api.w.org\/{rel}","templated":true}]}}