{"id":34705,"date":"2022-09-20T22:48:59","date_gmt":"2022-09-20T19:48:59","guid":{"rendered":"https:\/\/www.radiomarket.fi\/?post_type=product&#038;p=34705"},"modified":"2025-12-26T23:41:16","modified_gmt":"2025-12-26T21:41:16","slug":"ekun0051-lp-levy-popeda-kaasua","status":"publish","type":"product","link":"https:\/\/www.radiomarket.fi\/en\/kohde\/ekun0051-lp-levy-popeda-kaasua\/","title":{"rendered":"EKUN0051 LP-levy Popeda Kaasua vinyylilevy"},"content":{"rendered":"<p>Kotelo rispaantunut ja repaleinen, levyss\u00e4 naarmuja (kts. kuva)<br \/><br \/>Poko P\u00c4LP 47, 1983<br \/><br \/><\/p><p>Kappaleet A<br \/>1. Kaasua, komisaario Peppone<br \/>2. Kiinni j\u00e4in<br \/>3. Soittomatkalla<br \/>4. Armahdus<br \/>5. Viimeinen mohikaani<br \/><br \/>B<br \/><br \/>1. Tellus<br \/>2. Sirilimpsis hei<br \/>3. Painajainen<br \/>4. Kaikki tiet viev\u00e4t koomaan<br \/>5. Liian my\u00f6h\u00e4\u00e4n<\/p>","protected":false},"excerpt":{"rendered":"<p>Kotelo rispaantunut ja repaleinen, levyss\u00e4 naarmuja (kts. kuva)Poko P\u00c4LP 47, 1983Kappaleet A1. Kaasua, komisaario Peppone2. Kiinni j\u00e4in3. Soittomatkalla4. Armahdus5. Viimeinen mohikaaniB1. Tellus2. Sirilimpsis hei3. Painajainen4. Kaikki tiet viev\u00e4t koomaan5. Liian my\u00f6h\u00e4\u00e4n<\/p>","protected":false},"featured_media":34716,"template":"","meta":[],"_links":{"self":[{"href":"https:\/\/www.radiomarket.fi\/en\/wp-json\/wp\/v2\/product\/34705"}],"collection":[{"href":"https:\/\/www.radiomarket.fi\/en\/wp-json\/wp\/v2\/product"}],"about":[{"href":"https:\/\/www.radiomarket.fi\/en\/wp-json\/wp\/v2\/types\/product"}],"wp:featuredmedia":[{"embeddable":true,"href":"https:\/\/www.radiomarket.fi\/en\/wp-json\/wp\/v2\/media\/34716"}],"wp:attachment":[{"href":"https:\/\/www.radiomarket.fi\/en\/wp-json\/wp\/v2\/media?parent=34705"}],"curies":[{"name":"wp","href":"https:\/\/api.w.org\/{rel}","templated":true}]}}