{"id":34791,"date":"2022-09-28T19:22:49","date_gmt":"2022-09-28T16:22:49","guid":{"rendered":"https:\/\/www.radiomarket.fi\/?post_type=product&#038;p=34791"},"modified":"2022-11-10T13:16:23","modified_gmt":"2022-11-10T11:16:23","slug":"ekum0340-sahkomoottori","status":"publish","type":"product","link":"https:\/\/www.radiomarket.fi\/en\/kohde\/ekum0340-sahkomoottori\/","title":{"rendered":"EKUM0340 pieni s\u00e4hk\u00f6moottori"},"content":{"rendered":"<p>K\u00e4ytetty, ilmeisesti vanhasta levyasemasta tai tulostimesta purettu s\u00e4hk\u00f6moottori. J\u00e4nnite AC 200-235 V. Varastoitu pitk\u00e4\u00e4n p\u00f6lyisess\u00e4 paikassa, laakerointi tuntuu olevan kunnossa. Pohjalevyn mitat noin 11 x 5,5 cm. Akselin paksuun noin 8mm.<\/p>","protected":false},"excerpt":{"rendered":"<p>K\u00e4ytetty, ilmeisesti vanhasta levyasemasta tai tulostimesta purettu s\u00e4hk\u00f6moottori. J\u00e4nnite AC 200-235 V. Varastoitu pitk\u00e4\u00e4n p\u00f6lyisess\u00e4 paikassa, laakerointi tuntuu olevan kunnossa. Pohjalevyn mitat noin 11 x 5,5 cm. Akselin paksuun noin 8mm.<\/p>","protected":false},"featured_media":34793,"template":"","meta":[],"_links":{"self":[{"href":"https:\/\/www.radiomarket.fi\/en\/wp-json\/wp\/v2\/product\/34791"}],"collection":[{"href":"https:\/\/www.radiomarket.fi\/en\/wp-json\/wp\/v2\/product"}],"about":[{"href":"https:\/\/www.radiomarket.fi\/en\/wp-json\/wp\/v2\/types\/product"}],"wp:featuredmedia":[{"embeddable":true,"href":"https:\/\/www.radiomarket.fi\/en\/wp-json\/wp\/v2\/media\/34793"}],"wp:attachment":[{"href":"https:\/\/www.radiomarket.fi\/en\/wp-json\/wp\/v2\/media?parent=34791"}],"curies":[{"name":"wp","href":"https:\/\/api.w.org\/{rel}","templated":true}]}}