{"id":34800,"date":"2022-09-28T19:52:31","date_gmt":"2022-09-28T16:52:31","guid":{"rendered":"https:\/\/www.radiomarket.fi\/?post_type=product&#038;p=34800"},"modified":"2022-09-28T21:59:02","modified_gmt":"2022-09-28T18:59:02","slug":"ekum0341-olympia-france-s-a-kuulutusvahvistin","status":"publish","type":"product","link":"https:\/\/www.radiomarket.fi\/en\/kohde\/ekum0341-olympia-france-s-a-kuulutusvahvistin\/","title":{"rendered":"EKUM0341 Olympia France S.A. kuulutusvahvistin?"},"content":{"rendered":"K\u00e4ytetty, kunto ja todellinen k\u00e4ytt\u00f6tarkoitus tuntematon.","protected":false},"excerpt":{"rendered":"<p>K\u00e4ytetty, kunto ja todellinen k\u00e4ytt\u00f6tarkoitus tuntematon.<\/p>","protected":false},"featured_media":34802,"template":"","meta":[],"_links":{"self":[{"href":"https:\/\/www.radiomarket.fi\/en\/wp-json\/wp\/v2\/product\/34800"}],"collection":[{"href":"https:\/\/www.radiomarket.fi\/en\/wp-json\/wp\/v2\/product"}],"about":[{"href":"https:\/\/www.radiomarket.fi\/en\/wp-json\/wp\/v2\/types\/product"}],"wp:featuredmedia":[{"embeddable":true,"href":"https:\/\/www.radiomarket.fi\/en\/wp-json\/wp\/v2\/media\/34802"}],"wp:attachment":[{"href":"https:\/\/www.radiomarket.fi\/en\/wp-json\/wp\/v2\/media?parent=34800"}],"curies":[{"name":"wp","href":"https:\/\/api.w.org\/{rel}","templated":true}]}}