{"id":34805,"date":"2022-09-28T21:59:16","date_gmt":"2022-09-28T18:59:16","guid":{"rendered":"https:\/\/www.radiomarket.fi\/?post_type=product&#038;p=34805"},"modified":"2022-09-28T22:00:30","modified_gmt":"2022-09-28T19:00:30","slug":"ekum0342-olympia-france-s-a-dis1-kuulutusvahvistin","status":"publish","type":"product","link":"https:\/\/www.radiomarket.fi\/en\/kohde\/ekum0342-olympia-france-s-a-dis1-kuulutusvahvistin\/","title":{"rendered":"EKUM0342 Olympia France S.A. DIS1 kuulutusvahvistin?"},"content":{"rendered":"K\u00e4ytetty, kunto ja todellinen k\u00e4ytt\u00f6tarkoitus tuntematon.","protected":false},"excerpt":{"rendered":"<p>K\u00e4ytetty, kunto ja todellinen k\u00e4ytt\u00f6tarkoitus tuntematon.<\/p>","protected":false},"featured_media":34804,"template":"","meta":[],"_links":{"self":[{"href":"https:\/\/www.radiomarket.fi\/en\/wp-json\/wp\/v2\/product\/34805"}],"collection":[{"href":"https:\/\/www.radiomarket.fi\/en\/wp-json\/wp\/v2\/product"}],"about":[{"href":"https:\/\/www.radiomarket.fi\/en\/wp-json\/wp\/v2\/types\/product"}],"wp:featuredmedia":[{"embeddable":true,"href":"https:\/\/www.radiomarket.fi\/en\/wp-json\/wp\/v2\/media\/34804"}],"wp:attachment":[{"href":"https:\/\/www.radiomarket.fi\/en\/wp-json\/wp\/v2\/media?parent=34805"}],"curies":[{"name":"wp","href":"https:\/\/api.w.org\/{rel}","templated":true}]}}