{"id":34841,"date":"2024-04-19T13:03:43","date_gmt":"2024-04-19T10:03:43","guid":{"rendered":"https:\/\/www.radiomarket.fi\/?post_type=product&#038;p=34841"},"modified":"2024-04-20T22:00:11","modified_gmt":"2024-04-20T19:00:11","slug":"ekum0345-vivanco-electronic-8250-kuulokkeet","status":"publish","type":"product","link":"https:\/\/www.radiomarket.fi\/en\/kohde\/ekum0345-vivanco-electronic-8250-kuulokkeet\/","title":{"rendered":"EKUM0345 Vivanco Electronic 8250 kuulokkeet"},"content":{"rendered":"<p>K\u00e4ytetyt vintagekuulokkeet, toimintakunto tuntematon. 6,3 mm plugilla. N\u00e4kyv\u00e4n\u00e4 vikana toisen sangan pituuss\u00e4\u00e4t\u00f6muovin murtuminen, jota korjattu ruuvimutteriyhdistelm\u00e4ll\u00e4.<\/p>","protected":false},"excerpt":{"rendered":"<p>K\u00e4ytetyt vintagekuulokkeet, toimintakunto tuntematon. 6,3 mm plugilla. N\u00e4kyv\u00e4n\u00e4 vikana toisen sangan pituuss\u00e4\u00e4t\u00f6muovin murtuminen, jota korjattu ruuvimutteriyhdistelm\u00e4ll\u00e4.<\/p>","protected":false},"featured_media":34859,"template":"","meta":[],"_links":{"self":[{"href":"https:\/\/www.radiomarket.fi\/en\/wp-json\/wp\/v2\/product\/34841"}],"collection":[{"href":"https:\/\/www.radiomarket.fi\/en\/wp-json\/wp\/v2\/product"}],"about":[{"href":"https:\/\/www.radiomarket.fi\/en\/wp-json\/wp\/v2\/types\/product"}],"wp:featuredmedia":[{"embeddable":true,"href":"https:\/\/www.radiomarket.fi\/en\/wp-json\/wp\/v2\/media\/34859"}],"wp:attachment":[{"href":"https:\/\/www.radiomarket.fi\/en\/wp-json\/wp\/v2\/media?parent=34841"}],"curies":[{"name":"wp","href":"https:\/\/api.w.org\/{rel}","templated":true}]}}