{"id":35028,"date":"2022-10-19T13:15:56","date_gmt":"2022-10-19T10:15:56","guid":{"rendered":"https:\/\/www.radiomarket.fi\/?post_type=product&#038;p=35028"},"modified":"2023-07-20T15:33:43","modified_gmt":"2023-07-20T12:33:43","slug":"ekum0351-luxor-tv-nuppi-vuodelta-1972","status":"publish","type":"product","link":"https:\/\/www.radiomarket.fi\/en\/kohde\/ekum0351-luxor-tv-nuppi-vuodelta-1972\/","title":{"rendered":"EKUM0351 Luxor TV nuppi vuodelta 1972"},"content":{"rendered":"<p>K\u00e4ytetty nuppi, hyv\u00e4kuntoinen. K\u00e4ytetty mm. Luxorin v\u00e4ritelevisiossa.<\/p>","protected":false},"excerpt":{"rendered":"<p>K\u00e4ytetty nuppi, hyv\u00e4kuntoinen. K\u00e4ytetty mm. Luxorin v\u00e4ritelevisiossa.<\/p>","protected":false},"featured_media":35025,"template":"","meta":[],"_links":{"self":[{"href":"https:\/\/www.radiomarket.fi\/en\/wp-json\/wp\/v2\/product\/35028"}],"collection":[{"href":"https:\/\/www.radiomarket.fi\/en\/wp-json\/wp\/v2\/product"}],"about":[{"href":"https:\/\/www.radiomarket.fi\/en\/wp-json\/wp\/v2\/types\/product"}],"wp:featuredmedia":[{"embeddable":true,"href":"https:\/\/www.radiomarket.fi\/en\/wp-json\/wp\/v2\/media\/35025"}],"wp:attachment":[{"href":"https:\/\/www.radiomarket.fi\/en\/wp-json\/wp\/v2\/media?parent=35028"}],"curies":[{"name":"wp","href":"https:\/\/api.w.org\/{rel}","templated":true}]}}