{"id":35313,"date":"2022-11-15T03:43:12","date_gmt":"2022-11-15T01:43:12","guid":{"rendered":"https:\/\/www.radiomarket.fi\/?post_type=product&#038;p=35313"},"modified":"2024-10-15T13:39:33","modified_gmt":"2024-10-15T10:39:33","slug":"ekum1000-peter-musik-truhe-368-x-648mm-takalevy","status":"publish","type":"product","link":"https:\/\/www.radiomarket.fi\/en\/kohde\/ekum1000-peter-musik-truhe-368-x-648mm-takalevy\/","title":{"rendered":"EKUM1000 Peter Musik-Truhe 368 x 648mm takalevy"},"content":{"rendered":"<p>Putkiradion tai muun vastaavan laitteen takalevy. K\u00e4ytetty, purkulaitteesta purettu. Toimitetaan mittojen salliessa kirjeen\u00e4, muutoin postin pakettina. Kirjeen maksimimitat 250 mm x 353 mm x 30 mm. Otsikkorivill\u00e4 ilmoitettu takalevyn mitatut mitat. Varmistathan tietojen oikeellisuuden myyj\u00e4lt\u00e4.<\/p>","protected":false},"excerpt":{"rendered":"<p>Putkiradion tai muun vastaavan laitteen takalevy. K\u00e4ytetty, purkulaitteesta purettu. Toimitetaan mittojen salliessa kirjeen\u00e4, muutoin postin pakettina. Kirjeen maksimimitat 250 mm x 353 mm x 30 mm. Otsikkorivill\u00e4 ilmoitettu takalevyn mitatut mitat. Varmistathan tietojen oikeellisuuden myyj\u00e4lt\u00e4.<\/p>","protected":false},"featured_media":35315,"template":"","meta":[],"_links":{"self":[{"href":"https:\/\/www.radiomarket.fi\/en\/wp-json\/wp\/v2\/product\/35313"}],"collection":[{"href":"https:\/\/www.radiomarket.fi\/en\/wp-json\/wp\/v2\/product"}],"about":[{"href":"https:\/\/www.radiomarket.fi\/en\/wp-json\/wp\/v2\/types\/product"}],"wp:featuredmedia":[{"embeddable":true,"href":"https:\/\/www.radiomarket.fi\/en\/wp-json\/wp\/v2\/media\/35315"}],"wp:attachment":[{"href":"https:\/\/www.radiomarket.fi\/en\/wp-json\/wp\/v2\/media?parent=35313"}],"curies":[{"name":"wp","href":"https:\/\/api.w.org\/{rel}","templated":true}]}}