{"id":35322,"date":"2022-11-15T03:56:19","date_gmt":"2022-11-15T01:56:19","guid":{"rendered":"https:\/\/www.radiomarket.fi\/?post_type=product&#038;p=35322"},"modified":"2022-11-15T03:57:42","modified_gmt":"2022-11-15T01:57:42","slug":"ekum1003-asa-1029-534-x-321-mm-takalevy","status":"publish","type":"product","link":"https:\/\/www.radiomarket.fi\/en\/kohde\/ekum1003-asa-1029-534-x-321-mm-takalevy\/","title":{"rendered":"EKUM1003 ASA 1029 534 x 321 mm takalevy"},"content":{"rendered":"<p>Putkiradion tai muun vastaavan laitteen takalevy. K\u00e4ytetty, purkulaitteesta purettu. Toimitetaan mittojen salliessa kirjeen\u00e4, muutoin postin pakettina. Kirjeen maksimimitat 250 mm x 353 mm x 30 mm. Otsikkorivill\u00e4 ilmoitettu takalevyn mitatut mitat. Varmistathan tietojen oikeellisuuden myyj\u00e4lt\u00e4.<\/p>","protected":false},"excerpt":{"rendered":"<p>Putkiradion tai muun vastaavan laitteen takalevy. K\u00e4ytetty, purkulaitteesta purettu. Toimitetaan mittojen salliessa kirjeen\u00e4, muutoin postin pakettina. Kirjeen maksimimitat 250 mm x 353 mm x 30 mm. Otsikkorivill\u00e4 ilmoitettu takalevyn mitatut mitat. Varmistathan tietojen oikeellisuuden myyj\u00e4lt\u00e4.<\/p>","protected":false},"featured_media":35323,"template":"","meta":[],"_links":{"self":[{"href":"https:\/\/www.radiomarket.fi\/en\/wp-json\/wp\/v2\/product\/35322"}],"collection":[{"href":"https:\/\/www.radiomarket.fi\/en\/wp-json\/wp\/v2\/product"}],"about":[{"href":"https:\/\/www.radiomarket.fi\/en\/wp-json\/wp\/v2\/types\/product"}],"wp:featuredmedia":[{"embeddable":true,"href":"https:\/\/www.radiomarket.fi\/en\/wp-json\/wp\/v2\/media\/35323"}],"wp:attachment":[{"href":"https:\/\/www.radiomarket.fi\/en\/wp-json\/wp\/v2\/media?parent=35322"}],"curies":[{"name":"wp","href":"https:\/\/api.w.org\/{rel}","templated":true}]}}