{"id":35343,"date":"2022-11-15T04:16:52","date_gmt":"2022-11-15T02:16:52","guid":{"rendered":"https:\/\/www.radiomarket.fi\/?post_type=product&#038;p=35343"},"modified":"2022-11-15T04:18:47","modified_gmt":"2022-11-15T02:18:47","slug":"ekum1010-salora-oy-571-v-458x238-mm-takalevy","status":"publish","type":"product","link":"https:\/\/www.radiomarket.fi\/en\/kohde\/ekum1010-salora-oy-571-v-458x238-mm-takalevy\/","title":{"rendered":"EKUM1010 Salora oy 571-V 458&#215;238 mm takalevy"},"content":{"rendered":"<p>Putkiradion tai muun vastaavan laitteen takalevy. K\u00e4ytetty, purkulaitteesta purettu. Toimitetaan mittojen salliessa kirjeen\u00e4, muutoin postin pakettina. Kirjeen maksimimitat 250 mm x 353 mm x 30 mm. Otsikkorivill\u00e4 ilmoitettu takalevyn mitatut mitat. Varmistathan tietojen oikeellisuuden myyj\u00e4lt\u00e4.<\/p>","protected":false},"excerpt":{"rendered":"<p>Putkiradion tai muun vastaavan laitteen takalevy. K\u00e4ytetty, purkulaitteesta purettu. Toimitetaan mittojen salliessa kirjeen\u00e4, muutoin postin pakettina. Kirjeen maksimimitat 250 mm x 353 mm x 30 mm. Otsikkorivill\u00e4 ilmoitettu takalevyn mitatut mitat. Varmistathan tietojen oikeellisuuden myyj\u00e4lt\u00e4.<\/p>","protected":false},"featured_media":35344,"template":"","meta":[],"_links":{"self":[{"href":"https:\/\/www.radiomarket.fi\/en\/wp-json\/wp\/v2\/product\/35343"}],"collection":[{"href":"https:\/\/www.radiomarket.fi\/en\/wp-json\/wp\/v2\/product"}],"about":[{"href":"https:\/\/www.radiomarket.fi\/en\/wp-json\/wp\/v2\/types\/product"}],"wp:featuredmedia":[{"embeddable":true,"href":"https:\/\/www.radiomarket.fi\/en\/wp-json\/wp\/v2\/media\/35344"}],"wp:attachment":[{"href":"https:\/\/www.radiomarket.fi\/en\/wp-json\/wp\/v2\/media?parent=35343"}],"curies":[{"name":"wp","href":"https:\/\/api.w.org\/{rel}","templated":true}]}}