{"id":35371,"date":"2022-11-15T08:25:37","date_gmt":"2022-11-15T06:25:37","guid":{"rendered":"https:\/\/www.radiomarket.fi\/?post_type=product&#038;p=35371"},"modified":"2023-10-06T15:58:35","modified_gmt":"2023-10-06T12:58:35","slug":"ekum1253-88x36-cm-3-ohm-kaiutinelementti","status":"publish","type":"product","link":"https:\/\/www.radiomarket.fi\/en\/kohde\/ekum1253-88x36-cm-3-ohm-kaiutinelementti\/","title":{"rendered":"EKUM1253 8,8&#215;36 cm 3 Ohm Luxor Senorita kaiutinelementti"},"content":{"rendered":"<p>Vaikuttaa kuvien perusteella samalta kuin Luxor Senorita 3696W -radion kaiutinelementti. Ennen tilausta asiakkaan on hyv\u00e4 varmistaa kuitenkin fyysiset mitat.<br \/><br \/>P\u00e4\u00e4s\u00e4\u00e4nt\u00f6isesti k\u00e4ytettyj\u00e4 kaiutinelementtej\u00e4. EKUM12 ja EKUM14 -alkuisilla tuotenumeroilla olevat kaiutinelementit on testattu yleismittarilla ja otsikossa mainittu impedanssi on mitattu. Mitattu impedanssi saattaa poiketa kaiuttimeen merkityst\u00e4 kuvassa n\u00e4kyv\u00e4st\u00e4 impedanssista. Kaiutinelementtej\u00e4 ei ole soittotestattu. Otsikossa mainitut mitat ovat elementin \u00e4\u00e4rimittoja tai halkaisija, tai joissain tapauksissa kaiuttimen kiinnityslevyn mittoja. Varmistathan tietojen oikeellisuuden myyj\u00e4lt\u00e4.<\/p><p>&nbsp;<\/p><p>&nbsp;<\/p>","protected":false},"excerpt":{"rendered":"<p>Vaikuttaa kuvien perusteella samalta kuin Luxor Senorita 3696W -radion kaiutinelementti. Ennen tilausta asiakkaan on hyv\u00e4 varmistaa kuitenkin fyysiset mitat.P\u00e4\u00e4s\u00e4\u00e4nt\u00f6isesti k\u00e4ytettyj\u00e4 kaiutinelementtej\u00e4. EKUM12 ja EKUM14 -alkuisilla tuotenumeroilla olevat kaiutinelementit on testattu yleismittarilla ja otsikossa mainittu impedanssi on mitattu. Mitattu impedanssi saattaa poiketa kaiuttimeen merkityst\u00e4 kuvassa n\u00e4kyv\u00e4st\u00e4 impedanssista. Kaiutinelementtej\u00e4 ei ole soittotestattu. Otsikossa mainitut mitat ovat elementin &hellip;<\/p>\n<p class=\"read-more\"> <a class=\"thunk-readmore button\" href=\"https:\/\/www.radiomarket.fi\/en\/kohde\/ekum1253-88x36-cm-3-ohm-kaiutinelementti\/\"> <span class=\"screen-reader-text\">EKUM1253 8,8&#215;36 cm 3 Ohm Luxor Senorita kaiutinelementti<\/span>Read More<\/a><\/p>","protected":false},"featured_media":35372,"template":"","meta":[],"_links":{"self":[{"href":"https:\/\/www.radiomarket.fi\/en\/wp-json\/wp\/v2\/product\/35371"}],"collection":[{"href":"https:\/\/www.radiomarket.fi\/en\/wp-json\/wp\/v2\/product"}],"about":[{"href":"https:\/\/www.radiomarket.fi\/en\/wp-json\/wp\/v2\/types\/product"}],"wp:featuredmedia":[{"embeddable":true,"href":"https:\/\/www.radiomarket.fi\/en\/wp-json\/wp\/v2\/media\/35372"}],"wp:attachment":[{"href":"https:\/\/www.radiomarket.fi\/en\/wp-json\/wp\/v2\/media?parent=35371"}],"curies":[{"name":"wp","href":"https:\/\/api.w.org\/{rel}","templated":true}]}}