{"id":35449,"date":"2022-11-23T13:07:26","date_gmt":"2022-11-23T11:07:26","guid":{"rendered":"https:\/\/www.radiomarket.fi\/?post_type=product&#038;p=35449"},"modified":"2022-12-08T13:10:20","modified_gmt":"2022-12-08T11:10:20","slug":"black-week-tarjous-ekus0218-philips-bsf633a-bsf-633-a","status":"publish","type":"product","link":"https:\/\/www.radiomarket.fi\/en\/kohde\/black-week-tarjous-ekus0218-philips-bsf633a-bsf-633-a\/","title":{"rendered":"EKUS0218 Philips BSF633A (BSF 633 A)"},"content":{"rendered":"<p>Testattu meill\u00e4 11\/2022. Virta tulee. Ainakin joidenkin aaltoalueiden taustakohina vaikuttaa oikealta, mutta p\u00e4iv\u00e4nvalossa asemia ei ole kuultu. ULA ei kuulu ja sen taustakohina on v\u00e4\u00e4r\u00e4nlainen. Painonappimekanismissa jumituksia. EM34-putkessa eloa. Kotelossa pintavikoja. Verkkojohto vaihdettu s\u00e4\u00e4d\u00f6sten vastaiseen. Toisen nupin koristeosa puuttuu. Ei tutkittu tarkemmin. Huoltoa vailla oleva kohde tai sisustajalle koristek\u00e4ytt\u00f6\u00f6n. T\u00e4h\u00e4n hintaan vain nouto! Tiedustele toimitusmahdollisuuksista.<br \/><br \/>Radion mukana kulkenut lappu jossa huollon kustannusarvio ja seuraavanlaiset tiedot:<br \/><br \/>Korjaus max n. 250 mk.<br \/>Gram. kytkin vialli siksi Mykk\u00e4 \/ korjattu!<br \/>ULA EI TOIMI (palaneita osia?!)<br \/>Myyj\u00e4n mukaan vika on kova-\u00e4\u00e4ninen?<\/p>","protected":false},"excerpt":{"rendered":"<p>Testattu meill\u00e4 11\/2022. Virta tulee. Ainakin joidenkin aaltoalueiden taustakohina vaikuttaa oikealta, mutta p\u00e4iv\u00e4nvalossa asemia ei ole kuultu. ULA ei kuulu ja sen taustakohina on v\u00e4\u00e4r\u00e4nlainen. Painonappimekanismissa jumituksia. EM34-putkessa eloa. Kotelossa pintavikoja. Verkkojohto vaihdettu s\u00e4\u00e4d\u00f6sten vastaiseen. Toisen nupin koristeosa puuttuu. Ei tutkittu tarkemmin. Huoltoa vailla oleva kohde tai sisustajalle koristek\u00e4ytt\u00f6\u00f6n. T\u00e4h\u00e4n hintaan vain nouto! Tiedustele toimitusmahdollisuuksista.Radion &hellip;<\/p>\n<p class=\"read-more\"> <a class=\"thunk-readmore button\" href=\"https:\/\/www.radiomarket.fi\/en\/kohde\/black-week-tarjous-ekus0218-philips-bsf633a-bsf-633-a\/\"> <span class=\"screen-reader-text\">EKUS0218 Philips BSF633A (BSF 633 A)<\/span>Read More<\/a><\/p>","protected":false},"featured_media":35448,"template":"","meta":[],"_links":{"self":[{"href":"https:\/\/www.radiomarket.fi\/en\/wp-json\/wp\/v2\/product\/35449"}],"collection":[{"href":"https:\/\/www.radiomarket.fi\/en\/wp-json\/wp\/v2\/product"}],"about":[{"href":"https:\/\/www.radiomarket.fi\/en\/wp-json\/wp\/v2\/types\/product"}],"wp:featuredmedia":[{"embeddable":true,"href":"https:\/\/www.radiomarket.fi\/en\/wp-json\/wp\/v2\/media\/35448"}],"wp:attachment":[{"href":"https:\/\/www.radiomarket.fi\/en\/wp-json\/wp\/v2\/media?parent=35449"}],"curies":[{"name":"wp","href":"https:\/\/api.w.org\/{rel}","templated":true}]}}