{"id":35495,"date":"2022-11-24T13:01:48","date_gmt":"2022-11-24T11:01:48","guid":{"rendered":"https:\/\/www.radiomarket.fi\/?post_type=product&#038;p=35495"},"modified":"2023-06-16T21:49:09","modified_gmt":"2023-06-16T18:49:09","slug":"black-week-tarjous-ekub0336-toimiva-philips-d8188-radiokasettisoitin","status":"publish","type":"product","link":"https:\/\/www.radiomarket.fi\/en\/kohde\/black-week-tarjous-ekub0336-toimiva-philips-d8188-radiokasettisoitin\/","title":{"rendered":"EKUB0336 toimiva Philips D8188 radiokasettisoitin"},"content":{"rendered":"<p>Testattu ULA:lla toimivaksi, hyv\u00e4 \u00e4\u00e4ninen. Lyhyt-, keski- ja pitk\u00e4aaltoalueelta kuuluu jotakin, ainakin kohinaa p\u00e4iv\u00e4aikaan. Testattu verkkovirralla. Virtajohtotyyppi on tavallisin euro-johto eik\u00e4 sis\u00e4lly toimitukseen. P\u00e4\u00e4llisin puolin virheet\u00f6n, toimintovalitsimen liukukytkimen nuppi ei lukitu hahloonsa ja voi irrota huolimattomasti k\u00e4ytett\u00e4ess\u00e4. Kaksoisnauhurin vasen puoli (tallennus\/toisto) toistaa hitaammin kuin oikea puoli (vain toisto), mik\u00e4 kuulostaa korvakuulolla oikeanopeuksiselta.<\/p>","protected":false},"excerpt":{"rendered":"<p>Testattu ULA:lla toimivaksi, hyv\u00e4 \u00e4\u00e4ninen. Lyhyt-, keski- ja pitk\u00e4aaltoalueelta kuuluu jotakin, ainakin kohinaa p\u00e4iv\u00e4aikaan. Testattu verkkovirralla. Virtajohtotyyppi on tavallisin euro-johto eik\u00e4 sis\u00e4lly toimitukseen. P\u00e4\u00e4llisin puolin virheet\u00f6n, toimintovalitsimen liukukytkimen nuppi ei lukitu hahloonsa ja voi irrota huolimattomasti k\u00e4ytett\u00e4ess\u00e4. Kaksoisnauhurin vasen puoli (tallennus\/toisto) toistaa hitaammin kuin oikea puoli (vain toisto), mik\u00e4 kuulostaa korvakuulolla oikeanopeuksiselta.<\/p>","protected":false},"featured_media":35501,"template":"","meta":[],"_links":{"self":[{"href":"https:\/\/www.radiomarket.fi\/en\/wp-json\/wp\/v2\/product\/35495"}],"collection":[{"href":"https:\/\/www.radiomarket.fi\/en\/wp-json\/wp\/v2\/product"}],"about":[{"href":"https:\/\/www.radiomarket.fi\/en\/wp-json\/wp\/v2\/types\/product"}],"wp:featuredmedia":[{"embeddable":true,"href":"https:\/\/www.radiomarket.fi\/en\/wp-json\/wp\/v2\/media\/35501"}],"wp:attachment":[{"href":"https:\/\/www.radiomarket.fi\/en\/wp-json\/wp\/v2\/media?parent=35495"}],"curies":[{"name":"wp","href":"https:\/\/api.w.org\/{rel}","templated":true}]}}