{"id":35588,"date":"2022-11-29T12:52:36","date_gmt":"2022-11-29T10:52:36","guid":{"rendered":"https:\/\/www.radiomarket.fi\/?post_type=product&#038;p=35588"},"modified":"2023-05-16T11:24:55","modified_gmt":"2023-05-16T08:24:55","slug":"ekum0365-philips830a","status":"publish","type":"product","link":"https:\/\/www.radiomarket.fi\/en\/kohde\/ekum0365-philips830a\/","title":{"rendered":"EKUM0365 Philips 930A kotelo"},"content":{"rendered":"<p>Radion kuoret. P\u00e4\u00e4ll\u00e4 muutama noin 3 mm reik\u00e4, varastointipainaumia kuoren muodossa.<\/p>","protected":false},"excerpt":{"rendered":"<p>Radion kuoret. P\u00e4\u00e4ll\u00e4 muutama noin 3 mm reik\u00e4, varastointipainaumia kuoren muodossa.<\/p>","protected":false},"featured_media":35596,"template":"","meta":[],"_links":{"self":[{"href":"https:\/\/www.radiomarket.fi\/en\/wp-json\/wp\/v2\/product\/35588"}],"collection":[{"href":"https:\/\/www.radiomarket.fi\/en\/wp-json\/wp\/v2\/product"}],"about":[{"href":"https:\/\/www.radiomarket.fi\/en\/wp-json\/wp\/v2\/types\/product"}],"wp:featuredmedia":[{"embeddable":true,"href":"https:\/\/www.radiomarket.fi\/en\/wp-json\/wp\/v2\/media\/35596"}],"wp:attachment":[{"href":"https:\/\/www.radiomarket.fi\/en\/wp-json\/wp\/v2\/media?parent=35588"}],"curies":[{"name":"wp","href":"https:\/\/api.w.org\/{rel}","templated":true}]}}