{"id":35591,"date":"2022-11-29T15:18:49","date_gmt":"2022-11-29T13:18:49","guid":{"rendered":"https:\/\/www.radiomarket.fi\/?post_type=product&#038;p=35591"},"modified":"2023-03-21T14:24:45","modified_gmt":"2023-03-21T12:24:45","slug":"ekub0342-panasonic-panasync-pro-pl70-monitori","status":"publish","type":"product","link":"https:\/\/www.radiomarket.fi\/en\/kohde\/ekub0342-panasonic-panasync-pro-pl70-monitori\/","title":{"rendered":"EKUB0342 Panasonic PanaSync Pro PL70 monitori 16&#8243;"},"content":{"rendered":"Toimiva kuvaputkin\u00e4ytt\u00f6, kaikki v\u00e4rit toimivat. Kuvan johdot mukana. Kuvaruudun halkaisija kulmasta toiseen 41 cm. RGB-BNC-liit\u00e4nn\u00e4t ja vakio VGA-videokaapeli. \r\n\r\nN\u00e4ytt\u00f6l\u00e4 testatessa ei tehty mit\u00e4\u00e4n asetusmuutoksia tietokoneelle, t\u00e4st\u00e4 johtuvat kuvan mustat reunat.\r\n\r\nSuosittelemme t\u00e4lle kohteelle s\u00e4rkyv\u00e4n lis\u00e4palvelun ostamista kuljetukseen. Muuten palautusoikeus laitteen toimimattomuuden vuoksi ei ole voimassa.","protected":false},"excerpt":{"rendered":"<p>Toimiva kuvaputkin\u00e4ytt\u00f6, kaikki v\u00e4rit toimivat. Kuvan johdot mukana. Kuvaruudun halkaisija kulmasta toiseen 41 cm. RGB-BNC-liit\u00e4nn\u00e4t ja vakio VGA-videokaapeli. N\u00e4ytt\u00f6l\u00e4 testatessa ei tehty mit\u00e4\u00e4n asetusmuutoksia tietokoneelle, t\u00e4st\u00e4 johtuvat kuvan mustat reunat. Suosittelemme t\u00e4lle kohteelle s\u00e4rkyv\u00e4n lis\u00e4palvelun ostamista kuljetukseen. Muuten palautusoikeus laitteen toimimattomuuden vuoksi ei ole voimassa.<\/p>","protected":false},"featured_media":35919,"template":"","meta":[],"_links":{"self":[{"href":"https:\/\/www.radiomarket.fi\/en\/wp-json\/wp\/v2\/product\/35591"}],"collection":[{"href":"https:\/\/www.radiomarket.fi\/en\/wp-json\/wp\/v2\/product"}],"about":[{"href":"https:\/\/www.radiomarket.fi\/en\/wp-json\/wp\/v2\/types\/product"}],"wp:featuredmedia":[{"embeddable":true,"href":"https:\/\/www.radiomarket.fi\/en\/wp-json\/wp\/v2\/media\/35919"}],"wp:attachment":[{"href":"https:\/\/www.radiomarket.fi\/en\/wp-json\/wp\/v2\/media?parent=35591"}],"curies":[{"name":"wp","href":"https:\/\/api.w.org\/{rel}","templated":true}]}}