{"id":35655,"date":"2022-12-01T17:00:28","date_gmt":"2022-12-01T15:00:28","guid":{"rendered":"https:\/\/www.radiomarket.fi\/?post_type=product&#038;p=35655"},"modified":"2022-12-03T09:45:37","modified_gmt":"2022-12-03T07:45:37","slug":"ekus0224-luxor-savynsaatonupin-kehys","status":"publish","type":"product","link":"https:\/\/www.radiomarket.fi\/en\/kohde\/ekus0224-luxor-savynsaatonupin-kehys\/","title":{"rendered":"EKUS0224 Luxor s\u00e4vyns\u00e4\u00e4t\u00f6nupin kehys"},"content":{"rendered":"<p>K\u00e4ytettyj\u00e4 purkuradioista purettuja. Kirjetoimitus.\u00a0<br \/><br \/><strong>Sopivuus ainakin seuraaviin malleihin:<\/strong><br \/><br \/>Luxor Popul\u00e4r 3694 W<br \/>mahdollisesti my\u00f6s Luxor Senator 3502 W?<br \/><br \/>Mitat 46mm leveys, syvyys 17 mm, korkeus n. 17-19mm.<\/p>","protected":false},"excerpt":{"rendered":"<p>K\u00e4ytettyj\u00e4 purkuradioista purettuja. Kirjetoimitus.\u00a0Sopivuus ainakin seuraaviin malleihin:Luxor Popul\u00e4r 3694 Wmahdollisesti my\u00f6s Luxor Senator 3502 W?Mitat 46mm leveys, syvyys 17 mm, korkeus n. 17-19mm.<\/p>","protected":false},"featured_media":35657,"template":"","meta":[],"_links":{"self":[{"href":"https:\/\/www.radiomarket.fi\/en\/wp-json\/wp\/v2\/product\/35655"}],"collection":[{"href":"https:\/\/www.radiomarket.fi\/en\/wp-json\/wp\/v2\/product"}],"about":[{"href":"https:\/\/www.radiomarket.fi\/en\/wp-json\/wp\/v2\/types\/product"}],"wp:featuredmedia":[{"embeddable":true,"href":"https:\/\/www.radiomarket.fi\/en\/wp-json\/wp\/v2\/media\/35657"}],"wp:attachment":[{"href":"https:\/\/www.radiomarket.fi\/en\/wp-json\/wp\/v2\/media?parent=35655"}],"curies":[{"name":"wp","href":"https:\/\/api.w.org\/{rel}","templated":true}]}}