{"id":35663,"date":"2022-12-02T13:24:49","date_gmt":"2022-12-02T11:24:49","guid":{"rendered":"https:\/\/www.radiomarket.fi\/?post_type=product&#038;p=35663"},"modified":"2022-12-02T13:42:51","modified_gmt":"2022-12-02T11:42:51","slug":"testi-mocoma-59s-vs-mac-mc-30","status":"publish","type":"product","link":"https:\/\/www.radiomarket.fi\/en\/kohde\/testi-mocoma-59s-vs-mac-mc-30\/","title":{"rendered":"Skanneri-artikkeli 5\/92: testi Mocoma 59S vs Mac MC-30"},"content":{"rendered":"<p>Suomenkielinen PDF, testi julkaistu alunperin Skanneri-lehdess\u00e4 5\/92.<br \/><br \/><\/p><p>Mik\u00e4li et l\u00f6yt\u00e4nyt hakemaasi artikkelia, huolto- tai k\u00e4ytt\u00f6ohjetta Radiomarketista, muistathan my\u00f6s Radio- ja Puhelinmuseon arkistopalvelun. Lis\u00e4tietoja materiaalin saatavuudesta ja hinnoittelusta l\u00f6ytyy Pet\u00e4j\u00e4veden Radio- ja Puhelinmuseon verkkosivuilta.<\/p>","protected":false},"excerpt":{"rendered":"<p>Suomenkielinen PDF, testi julkaistu alunperin Skanneri-lehdess\u00e4 5\/92.Mik\u00e4li et l\u00f6yt\u00e4nyt hakemaasi artikkelia, huolto- tai k\u00e4ytt\u00f6ohjetta Radiomarketista, muistathan my\u00f6s Radio- ja Puhelinmuseon arkistopalvelun. Lis\u00e4tietoja materiaalin saatavuudesta ja hinnoittelusta l\u00f6ytyy Pet\u00e4j\u00e4veden Radio- ja Puhelinmuseon verkkosivuilta.<\/p>","protected":false},"featured_media":35666,"template":"","meta":[],"_links":{"self":[{"href":"https:\/\/www.radiomarket.fi\/en\/wp-json\/wp\/v2\/product\/35663"}],"collection":[{"href":"https:\/\/www.radiomarket.fi\/en\/wp-json\/wp\/v2\/product"}],"about":[{"href":"https:\/\/www.radiomarket.fi\/en\/wp-json\/wp\/v2\/types\/product"}],"wp:featuredmedia":[{"embeddable":true,"href":"https:\/\/www.radiomarket.fi\/en\/wp-json\/wp\/v2\/media\/35666"}],"wp:attachment":[{"href":"https:\/\/www.radiomarket.fi\/en\/wp-json\/wp\/v2\/media?parent=35663"}],"curies":[{"name":"wp","href":"https:\/\/api.w.org\/{rel}","templated":true}]}}