{"id":35668,"date":"2022-12-03T09:26:30","date_gmt":"2022-12-03T07:26:30","guid":{"rendered":"https:\/\/www.radiomarket.fi\/?post_type=product&#038;p=35668"},"modified":"2024-11-12T05:40:08","modified_gmt":"2024-11-12T03:40:08","slug":"lars0071-rca-color-bar-dot-crosshatch-generator-wr-64b","status":"publish","type":"product","link":"https:\/\/www.radiomarket.fi\/en\/kohde\/lars0071-rca-color-bar-dot-crosshatch-generator-wr-64b\/","title":{"rendered":"LARS0071 RCA Color Bar \/ Dot \/ Crosshatch Generator WR-64B"},"content":{"rendered":"<p>V\u00e4ripalkkigeneraattori.<br \/><br \/>Ei tutkittu tarkemmin. Tarkistathan tietojen oikeellisuuden myyj\u00e4lt\u00e4.<br \/><br \/><\/p>","protected":false},"excerpt":{"rendered":"<p>V\u00e4ripalkkigeneraattori.Ei tutkittu tarkemmin. Tarkistathan tietojen oikeellisuuden myyj\u00e4lt\u00e4.<\/p>","protected":false},"featured_media":35669,"template":"","meta":[],"_links":{"self":[{"href":"https:\/\/www.radiomarket.fi\/en\/wp-json\/wp\/v2\/product\/35668"}],"collection":[{"href":"https:\/\/www.radiomarket.fi\/en\/wp-json\/wp\/v2\/product"}],"about":[{"href":"https:\/\/www.radiomarket.fi\/en\/wp-json\/wp\/v2\/types\/product"}],"wp:featuredmedia":[{"embeddable":true,"href":"https:\/\/www.radiomarket.fi\/en\/wp-json\/wp\/v2\/media\/35669"}],"wp:attachment":[{"href":"https:\/\/www.radiomarket.fi\/en\/wp-json\/wp\/v2\/media?parent=35668"}],"curies":[{"name":"wp","href":"https:\/\/api.w.org\/{rel}","templated":true}]}}