{"id":35728,"date":"2022-12-13T21:08:45","date_gmt":"2022-12-13T19:08:45","guid":{"rendered":"https:\/\/www.radiomarket.fi\/?post_type=product&#038;p=35728"},"modified":"2022-12-13T21:10:08","modified_gmt":"2022-12-13T19:10:08","slug":"ekum1269-alusta-198x228-cm-kaiutin-152x21-cm-4-ohm-kaiutinelementti","status":"publish","type":"product","link":"https:\/\/www.radiomarket.fi\/en\/kohde\/ekum1269-alusta-198x228-cm-kaiutin-152x21-cm-4-ohm-kaiutinelementti\/","title":{"rendered":"EKUM1269 alusta 19,8&#215;22,8 cm kaiutin 15,2&#215;21 cm 4 Ohm kaiutinelementti"},"content":{"rendered":"<p>P\u00e4\u00e4s\u00e4\u00e4nt\u00f6isesti k\u00e4ytettyj\u00e4 kaiutinelementtej\u00e4. EKUM12 ja EKUM14 -alkuisilla tuotenumeroilla olevat kaiutinelementit on testattu yleismittarilla ja otsikossa mainittu impedanssi on mitattu. Mitattu impedanssi saattaa poiketa kaiuttimeen merkityst\u00e4 kuvassa n\u00e4kyv\u00e4st\u00e4 impedanssista. Kaiutinelementtej\u00e4 ei ole soittotestattu. Otsikossa mainitut mitat ovat elementin \u00e4\u00e4rimittoja tai halkaisija, tai joissain tapauksissa kaiuttimen kiinnityslevyn mittoja. Varmistathan tietojen oikeellisuuden myyj\u00e4lt\u00e4.<\/p><p>&nbsp;<\/p><p>&nbsp;<\/p>","protected":false},"excerpt":{"rendered":"<p>P\u00e4\u00e4s\u00e4\u00e4nt\u00f6isesti k\u00e4ytettyj\u00e4 kaiutinelementtej\u00e4. EKUM12 ja EKUM14 -alkuisilla tuotenumeroilla olevat kaiutinelementit on testattu yleismittarilla ja otsikossa mainittu impedanssi on mitattu. Mitattu impedanssi saattaa poiketa kaiuttimeen merkityst\u00e4 kuvassa n\u00e4kyv\u00e4st\u00e4 impedanssista. Kaiutinelementtej\u00e4 ei ole soittotestattu. Otsikossa mainitut mitat ovat elementin \u00e4\u00e4rimittoja tai halkaisija, tai joissain tapauksissa kaiuttimen kiinnityslevyn mittoja. Varmistathan tietojen oikeellisuuden myyj\u00e4lt\u00e4.&nbsp;&nbsp;<\/p>","protected":false},"featured_media":35729,"template":"","meta":[],"_links":{"self":[{"href":"https:\/\/www.radiomarket.fi\/en\/wp-json\/wp\/v2\/product\/35728"}],"collection":[{"href":"https:\/\/www.radiomarket.fi\/en\/wp-json\/wp\/v2\/product"}],"about":[{"href":"https:\/\/www.radiomarket.fi\/en\/wp-json\/wp\/v2\/types\/product"}],"wp:featuredmedia":[{"embeddable":true,"href":"https:\/\/www.radiomarket.fi\/en\/wp-json\/wp\/v2\/media\/35729"}],"wp:attachment":[{"href":"https:\/\/www.radiomarket.fi\/en\/wp-json\/wp\/v2\/media?parent=35728"}],"curies":[{"name":"wp","href":"https:\/\/api.w.org\/{rel}","templated":true}]}}