{"id":35776,"date":"2022-12-13T22:54:33","date_gmt":"2022-12-13T20:54:33","guid":{"rendered":"https:\/\/www.radiomarket.fi\/?post_type=product&#038;p=35776"},"modified":"2022-12-14T21:30:57","modified_gmt":"2022-12-14T19:30:57","slug":"ekus0225-milde-radio-511-asa","status":"publish","type":"product","link":"https:\/\/www.radiomarket.fi\/en\/kohde\/ekus0225-milde-radio-511-asa\/","title":{"rendered":"EKUS0225 Milde Radio 511 (Asa)"},"content":{"rendered":"<p>Voidaan myyd\u00e4 kokonaisuutena tai purkaa tilattu varaosa. T\u00e4h\u00e4n hintaan ei putkia mukaan, tiedustele hintaa j\u00e4ljell\u00e4 mahdollisesti olevine putkineen.<br \/><br \/><br \/><\/p>","protected":false},"excerpt":{"rendered":"<p>Voidaan myyd\u00e4 kokonaisuutena tai purkaa tilattu varaosa. T\u00e4h\u00e4n hintaan ei putkia mukaan, tiedustele hintaa j\u00e4ljell\u00e4 mahdollisesti olevine putkineen.<\/p>","protected":false},"featured_media":35777,"template":"","meta":[],"_links":{"self":[{"href":"https:\/\/www.radiomarket.fi\/en\/wp-json\/wp\/v2\/product\/35776"}],"collection":[{"href":"https:\/\/www.radiomarket.fi\/en\/wp-json\/wp\/v2\/product"}],"about":[{"href":"https:\/\/www.radiomarket.fi\/en\/wp-json\/wp\/v2\/types\/product"}],"wp:featuredmedia":[{"embeddable":true,"href":"https:\/\/www.radiomarket.fi\/en\/wp-json\/wp\/v2\/media\/35777"}],"wp:attachment":[{"href":"https:\/\/www.radiomarket.fi\/en\/wp-json\/wp\/v2\/media?parent=35776"}],"curies":[{"name":"wp","href":"https:\/\/api.w.org\/{rel}","templated":true}]}}