{"id":35980,"date":"2022-12-21T13:30:28","date_gmt":"2022-12-21T11:30:28","guid":{"rendered":"https:\/\/www.radiomarket.fi\/?post_type=product&#038;p=35980"},"modified":"2022-12-22T12:34:41","modified_gmt":"2022-12-22T10:34:41","slug":"ekum2400-leader-1020-20mhz-oskilloskooppi","status":"publish","type":"product","link":"https:\/\/www.radiomarket.fi\/en\/kohde\/ekum2400-leader-1020-20mhz-oskilloskooppi\/","title":{"rendered":"EKUM2400 LEADER 1020 20Mhz oskilloskooppi"},"content":{"rendered":"<p>Ei tule virtaa. P\u00e4\u00e4llisin puolin kokonaisen oloinen. Ei tutkittu tarkemmin, varmista tietojen oikeellisuus myyj\u00e4lt\u00e4.<\/p>","protected":false},"excerpt":{"rendered":"<p>Ei tule virtaa. P\u00e4\u00e4llisin puolin kokonaisen oloinen. Ei tutkittu tarkemmin, varmista tietojen oikeellisuus myyj\u00e4lt\u00e4.<\/p>","protected":false},"featured_media":35983,"template":"","meta":[],"_links":{"self":[{"href":"https:\/\/www.radiomarket.fi\/en\/wp-json\/wp\/v2\/product\/35980"}],"collection":[{"href":"https:\/\/www.radiomarket.fi\/en\/wp-json\/wp\/v2\/product"}],"about":[{"href":"https:\/\/www.radiomarket.fi\/en\/wp-json\/wp\/v2\/types\/product"}],"wp:featuredmedia":[{"embeddable":true,"href":"https:\/\/www.radiomarket.fi\/en\/wp-json\/wp\/v2\/media\/35983"}],"wp:attachment":[{"href":"https:\/\/www.radiomarket.fi\/en\/wp-json\/wp\/v2\/media?parent=35980"}],"curies":[{"name":"wp","href":"https:\/\/api.w.org\/{rel}","templated":true}]}}