{"id":36080,"date":"2024-12-22T08:03:17","date_gmt":"2024-12-22T06:03:17","guid":{"rendered":"https:\/\/www.radiomarket.fi\/?post_type=product&#038;p=36080"},"modified":"2025-01-20T15:39:21","modified_gmt":"2025-01-20T13:39:21","slug":"ekum1603-postikortti-hauskaa-joulua","status":"publish","type":"product","link":"https:\/\/www.radiomarket.fi\/en\/kohde\/ekum1603-postikortti-hauskaa-joulua\/","title":{"rendered":"EKUM1603 postikortti &#8220;Hauskaa Joulua&#8221;"},"content":{"rendered":"<p>S\u00e4hk\u00f6museo Elektran teett\u00e4m\u00e4 j\u00e4lkipainos. Kortin k\u00e4\u00e4nt\u00f6puolella tavallinen postikorttiviivoitus.<br \/><br \/>Katso my\u00f6s uudenvuoden kortit EKUM0332 ja EKUM1604.<\/p>","protected":false},"excerpt":{"rendered":"<p>Kirjetoimitustuotteita kannattaa tilata kerralla useampiakin, lis\u00e4tuote nostaa postikuluja vain 10 snt\/tuote vuoden 2025 tilanteen mukaan.<\/p>","protected":false},"featured_media":36086,"template":"","meta":[],"_links":{"self":[{"href":"https:\/\/www.radiomarket.fi\/en\/wp-json\/wp\/v2\/product\/36080"}],"collection":[{"href":"https:\/\/www.radiomarket.fi\/en\/wp-json\/wp\/v2\/product"}],"about":[{"href":"https:\/\/www.radiomarket.fi\/en\/wp-json\/wp\/v2\/types\/product"}],"wp:featuredmedia":[{"embeddable":true,"href":"https:\/\/www.radiomarket.fi\/en\/wp-json\/wp\/v2\/media\/36086"}],"wp:attachment":[{"href":"https:\/\/www.radiomarket.fi\/en\/wp-json\/wp\/v2\/media?parent=36080"}],"curies":[{"name":"wp","href":"https:\/\/api.w.org\/{rel}","templated":true}]}}