{"id":36081,"date":"2022-12-22T08:06:03","date_gmt":"2022-12-22T06:06:03","guid":{"rendered":"https:\/\/www.radiomarket.fi\/?post_type=product&#038;p=36081"},"modified":"2022-12-22T08:53:16","modified_gmt":"2022-12-22T06:53:16","slug":"ekum1604-postikortti-onnellista-uutta-vuotta","status":"publish","type":"product","link":"https:\/\/www.radiomarket.fi\/en\/kohde\/ekum1604-postikortti-onnellista-uutta-vuotta\/","title":{"rendered":"EKUM1604 postikortti &#8220;Onnellista Uutta Vuotta&#8221;"},"content":{"rendered":"<p>S\u00e4hk\u00f6museo Elektran teett\u00e4m\u00e4 j\u00e4lkipainos. Kortin k\u00e4\u00e4nt\u00f6puolella tavallinen postikorttiviivoitus.<br \/><br \/>Katso my\u00f6s uudenvuoden kortti EKUM0332 ja joulukortti EKUM1603.<\/p>","protected":false},"excerpt":{"rendered":"<p>S\u00e4hk\u00f6museo Elektran teett\u00e4m\u00e4 j\u00e4lkipainos. Kortin k\u00e4\u00e4nt\u00f6puolella tavallinen postikorttiviivoitus.Katso my\u00f6s uudenvuoden kortti EKUM0332 ja joulukortti EKUM1603.<\/p>","protected":false},"featured_media":36088,"template":"","meta":[],"_links":{"self":[{"href":"https:\/\/www.radiomarket.fi\/en\/wp-json\/wp\/v2\/product\/36081"}],"collection":[{"href":"https:\/\/www.radiomarket.fi\/en\/wp-json\/wp\/v2\/product"}],"about":[{"href":"https:\/\/www.radiomarket.fi\/en\/wp-json\/wp\/v2\/types\/product"}],"wp:featuredmedia":[{"embeddable":true,"href":"https:\/\/www.radiomarket.fi\/en\/wp-json\/wp\/v2\/media\/36088"}],"wp:attachment":[{"href":"https:\/\/www.radiomarket.fi\/en\/wp-json\/wp\/v2\/media?parent=36081"}],"curies":[{"name":"wp","href":"https:\/\/api.w.org\/{rel}","templated":true}]}}