{"id":36103,"date":"2022-12-22T12:04:16","date_gmt":"2022-12-22T10:04:16","guid":{"rendered":"https:\/\/www.radiomarket.fi\/?post_type=product&#038;p=36103"},"modified":"2024-04-19T16:53:20","modified_gmt":"2024-04-19T13:53:20","slug":"ekum2406-26-tuuman-kuvaputki","status":"publish","type":"product","link":"https:\/\/www.radiomarket.fi\/en\/kohde\/ekum2406-26-tuuman-kuvaputki\/","title":{"rendered":"EKUM2406 26 tuuman kuvaputki"},"content":{"rendered":"<p>Varastoitu vaihtelevissa l\u00e4mp\u00f6tiloissa. Luultavasti k\u00e4ytetty.<\/p><p>&nbsp;<\/p><p>Vain nouto tai toimitus erikseen sovittaessa.<\/p>","protected":false},"excerpt":{"rendered":"<p>Varastoitu vaihtelevissa l\u00e4mp\u00f6tiloissa. Luultavasti k\u00e4ytetty.&nbsp;Vain nouto tai toimitus erikseen sovittaessa.<\/p>","protected":false},"featured_media":36102,"template":"","meta":[],"_links":{"self":[{"href":"https:\/\/www.radiomarket.fi\/en\/wp-json\/wp\/v2\/product\/36103"}],"collection":[{"href":"https:\/\/www.radiomarket.fi\/en\/wp-json\/wp\/v2\/product"}],"about":[{"href":"https:\/\/www.radiomarket.fi\/en\/wp-json\/wp\/v2\/types\/product"}],"wp:featuredmedia":[{"embeddable":true,"href":"https:\/\/www.radiomarket.fi\/en\/wp-json\/wp\/v2\/media\/36102"}],"wp:attachment":[{"href":"https:\/\/www.radiomarket.fi\/en\/wp-json\/wp\/v2\/media?parent=36103"}],"curies":[{"name":"wp","href":"https:\/\/api.w.org\/{rel}","templated":true}]}}