{"id":36104,"date":"2022-12-22T12:11:39","date_gmt":"2022-12-22T10:11:39","guid":{"rendered":"https:\/\/www.radiomarket.fi\/?post_type=product&#038;p=36104"},"modified":"2023-02-27T15:58:28","modified_gmt":"2023-02-27T13:58:28","slug":"ekum2222-saatokondensaattori-50-900-pf","status":"publish","type":"product","link":"https:\/\/www.radiomarket.fi\/en\/kohde\/ekum2222-saatokondensaattori-50-900-pf\/","title":{"rendered":"EKUM2222 S\u00e4\u00e4t\u00f6kondensaattori 50-900 pF"},"content":{"rendered":"<p>Akseli n. 19mm, runko 158 x 78mm<\/p>","protected":false},"excerpt":{"rendered":"<p>Akseli n. 19mm, runko 158 x 78mm<\/p>","protected":false},"featured_media":36108,"template":"","meta":[],"_links":{"self":[{"href":"https:\/\/www.radiomarket.fi\/en\/wp-json\/wp\/v2\/product\/36104"}],"collection":[{"href":"https:\/\/www.radiomarket.fi\/en\/wp-json\/wp\/v2\/product"}],"about":[{"href":"https:\/\/www.radiomarket.fi\/en\/wp-json\/wp\/v2\/types\/product"}],"wp:featuredmedia":[{"embeddable":true,"href":"https:\/\/www.radiomarket.fi\/en\/wp-json\/wp\/v2\/media\/36108"}],"wp:attachment":[{"href":"https:\/\/www.radiomarket.fi\/en\/wp-json\/wp\/v2\/media?parent=36104"}],"curies":[{"name":"wp","href":"https:\/\/api.w.org\/{rel}","templated":true}]}}