{"id":36126,"date":"2022-12-22T17:35:57","date_gmt":"2022-12-22T15:35:57","guid":{"rendered":"https:\/\/www.radiomarket.fi\/?post_type=product&#038;p=36126"},"modified":"2022-12-27T12:58:09","modified_gmt":"2022-12-27T10:58:09","slug":"ekum2409-philips-30-luvun-putkiradio","status":"publish","type":"product","link":"https:\/\/www.radiomarket.fi\/en\/kohde\/ekum2409-philips-30-luvun-putkiradio\/","title":{"rendered":"EKUM2409 Philips 375A putkiradio (EKUS)"},"content":{"rendered":"<p>P\u00e4\u00e4tyvipu kotelon sis\u00e4puolelta haljennut. Putket tallessa, ei takalevy\u00e4, asteikon suojalasi haljennut. Asteikossa muutama musta pilkku. Muutoin asteikkolevy vaikuttaa hyv\u00e4lt\u00e4. Huonopintainen kotelo.<\/p><p>Koteloa lukuunottamatta sama radio kuin Philips 373A. Chassiksen numero 468.<\/p>","protected":false},"excerpt":{"rendered":"<p>P\u00e4\u00e4tyvipu kotelon sis\u00e4puolelta haljennut. Putket tallessa, ei takalevy\u00e4, asteikon suojalasi haljennut. Asteikossa muutama musta pilkku. Muutoin asteikkolevy vaikuttaa hyv\u00e4lt\u00e4. Huonopintainen kotelo.Koteloa lukuunottamatta sama radio kuin Philips 373A. Chassiksen numero 468.<\/p>","protected":false},"featured_media":36127,"template":"","meta":[],"_links":{"self":[{"href":"https:\/\/www.radiomarket.fi\/en\/wp-json\/wp\/v2\/product\/36126"}],"collection":[{"href":"https:\/\/www.radiomarket.fi\/en\/wp-json\/wp\/v2\/product"}],"about":[{"href":"https:\/\/www.radiomarket.fi\/en\/wp-json\/wp\/v2\/types\/product"}],"wp:featuredmedia":[{"embeddable":true,"href":"https:\/\/www.radiomarket.fi\/en\/wp-json\/wp\/v2\/media\/36127"}],"wp:attachment":[{"href":"https:\/\/www.radiomarket.fi\/en\/wp-json\/wp\/v2\/media?parent=36126"}],"curies":[{"name":"wp","href":"https:\/\/api.w.org\/{rel}","templated":true}]}}