{"id":36247,"date":"2022-12-28T04:56:02","date_gmt":"2022-12-28T02:56:02","guid":{"rendered":"https:\/\/www.radiomarket.fi\/?post_type=product&#038;p=36247"},"modified":"2025-04-15T18:35:27","modified_gmt":"2025-04-15T15:35:27","slug":"ekus0229-aiwa-ar-160","status":"publish","type":"product","link":"https:\/\/www.radiomarket.fi\/en\/kohde\/ekus0229-aiwa-ar-160\/","title":{"rendered":"EKUS0229 Aiwa AR-160"},"content":{"rendered":"<p>Antennin huippu poikki, tarran j\u00e4\u00e4m\u00e4\u00e4, kolhuja ja naarmuja.<br \/><br \/>Ei tutkittu tarkemmin, varmistathan tietojen oikeellisuuden myyj\u00e4lt\u00e4.<\/p>","protected":false},"excerpt":{"rendered":"<p>Antennin huippu poikki, tarran j\u00e4\u00e4m\u00e4\u00e4, kolhuja ja naarmuja.Ei tutkittu tarkemmin, varmistathan tietojen oikeellisuuden myyj\u00e4lt\u00e4.<\/p>","protected":false},"featured_media":36249,"template":"","meta":[],"_links":{"self":[{"href":"https:\/\/www.radiomarket.fi\/en\/wp-json\/wp\/v2\/product\/36247"}],"collection":[{"href":"https:\/\/www.radiomarket.fi\/en\/wp-json\/wp\/v2\/product"}],"about":[{"href":"https:\/\/www.radiomarket.fi\/en\/wp-json\/wp\/v2\/types\/product"}],"wp:featuredmedia":[{"embeddable":true,"href":"https:\/\/www.radiomarket.fi\/en\/wp-json\/wp\/v2\/media\/36249"}],"wp:attachment":[{"href":"https:\/\/www.radiomarket.fi\/en\/wp-json\/wp\/v2\/media?parent=36247"}],"curies":[{"name":"wp","href":"https:\/\/api.w.org\/{rel}","templated":true}]}}