{"id":36250,"date":"2022-12-28T05:00:58","date_gmt":"2022-12-28T03:00:58","guid":{"rendered":"https:\/\/www.radiomarket.fi\/?post_type=product&#038;p=36250"},"modified":"2023-08-11T18:52:52","modified_gmt":"2023-08-11T15:52:52","slug":"ekus0231-jvc-l-a21-auto-return-turntable-system","status":"publish","type":"product","link":"https:\/\/www.radiomarket.fi\/en\/kohde\/ekus0231-jvc-l-a21-auto-return-turntable-system\/","title":{"rendered":"EKUS0231 JVC L-A21 Auto-Return turntable system"},"content":{"rendered":"<p>Ei p\u00f6lykantta, l\u00e4htee py\u00f6rim\u00e4\u00e4n, \u00e4\u00e4nivarren palautus toimii, ei neulaa, ei vastapainoa \u00e4\u00e4nivarressa (jos on pit\u00e4nyt olla). Ei tutkittu tarkemmin.<br \/><br \/><br \/><\/p>","protected":false},"excerpt":{"rendered":"<p>Ei p\u00f6lykantta, l\u00e4htee py\u00f6rim\u00e4\u00e4n, \u00e4\u00e4nivarren palautus toimii, ei neulaa, ei vastapainoa \u00e4\u00e4nivarressa (jos on pit\u00e4nyt olla). Ei tutkittu tarkemmin.<\/p>","protected":false},"featured_media":36253,"template":"","meta":[],"_links":{"self":[{"href":"https:\/\/www.radiomarket.fi\/en\/wp-json\/wp\/v2\/product\/36250"}],"collection":[{"href":"https:\/\/www.radiomarket.fi\/en\/wp-json\/wp\/v2\/product"}],"about":[{"href":"https:\/\/www.radiomarket.fi\/en\/wp-json\/wp\/v2\/types\/product"}],"wp:featuredmedia":[{"embeddable":true,"href":"https:\/\/www.radiomarket.fi\/en\/wp-json\/wp\/v2\/media\/36253"}],"wp:attachment":[{"href":"https:\/\/www.radiomarket.fi\/en\/wp-json\/wp\/v2\/media?parent=36250"}],"curies":[{"name":"wp","href":"https:\/\/api.w.org\/{rel}","templated":true}]}}