{"id":36262,"date":"2022-12-28T05:30:58","date_gmt":"2022-12-28T03:30:58","guid":{"rendered":"https:\/\/www.radiomarket.fi\/?post_type=product&#038;p=36262"},"modified":"2023-06-29T12:31:51","modified_gmt":"2023-06-29T09:31:51","slug":"ekum0260-radio-tv-ym-nuppeja-copy","status":"publish","type":"product","link":"https:\/\/www.radiomarket.fi\/en\/kohde\/ekum0260-radio-tv-ym-nuppeja-copy\/","title":{"rendered":"EKUM0260 radio, TV ym. nuppeja"},"content":{"rendered":"<p>Tilatessasi ilmoitathan tuotenumeron (esim EKUA 1234) ja tilaamasi nupin paikan kuvassa (esim. toiseksi ylin rivi, toinen nuppi vasemmalta). Osa nupeista on saatettu myyd\u00e4, joten kannattaa varmistaa saatavuus etuk\u00e4teen s\u00e4hk\u00f6postitse. Voit tilata s\u00e4hk\u00f6postitse my\u00f6s siin\u00e4 tapauksessa, mik\u00e4li arvelet tuotteen sopivan kirjetoimituksena (kirjeen paksuus max 3cm). T\u00e4m\u00e4n tuotteen tapauksessa kaikki nupit sopivat kirjetoimituksena mik\u00e4 on huomioitu toimituskulussa.<\/p><p>Lis\u00e4\u00e4 nuppeja Radiomarketin tuotekategoriassa &#8220;Nupit&#8221;.<\/p><p><br \/><strong>Saatavuus:<\/strong><br \/><br \/><strong>Ylin rivi:<\/strong> toinen nuppi vasemmalta (2kpl), kolmas nuppi vasemmalta 1 kpl, rungossa murtumia, nelj\u00e4s nuppi vasemmalta 2 kpl, kolmas nuppi oikealta 1 kpl, toinen nuppi oikealta 3 kpl, ensimm\u00e4inen nuppi oikealta 1kpl.<br \/><br \/><strong>Toiseksi ylin rivi:<\/strong> ensimm\u00e4inen nuppi vasemmalta (1kpl), toinen nuppi vasemmalta (1kpl), kolmas nuppi vasemmalta (1kpl), kolmas nuppi oikealta (3kpl, kaikkien rungossa p\u00e4\u00e4lle p\u00e4in n\u00e4kyvi\u00e4 murtumia), ensimm\u00e4inen nuppi oikealta 1 kpl (hinta t\u00e4lle 10 euroa, ostaessasi t\u00e4m\u00e4n 20-luvun nupin lunasta verkkokaupan kautta 2 nuppia jolloin hinnaksi tulee 10\u20ac).<br \/><br \/><strong>Keskimm\u00e4inen<\/strong><strong>\u00a0rivi:<\/strong> ensimm\u00e4inen nuppi vasemmalta 2 kpl, toisessa p\u00e4\u00e4ll\u00e4 vikaa, toinen nuppi vasemmalta 1 kpl, kolmas nuppi vasemmalta 2 kpl nelj\u00e4s nuppi vasemmalta 3 kpl, kaikista varsi katkaistu, toinen ja kolmas nuppi oikealta kesken\u00e4\u00e4n samanlaisia, n\u00e4it\u00e4 yhteens\u00e4 14 kpl, ensimm\u00e4inen nuppi oikealta 1 kpl (vaikuttaisi olevan antennin ruuvattava hattu).<br \/><br \/><strong>Toiseksi alin rivi:<\/strong> ensimm\u00e4inen nuppi vasemmalta 1 kpl, toinen nuppi vasemmalta 3 kpl (liittyy saman rivin oikeanpuoleisimpaan nuppiin?), kolmas nuppi vasemmalta 38 kpl, kolmas nuppi oikealta 1 kpl, toinen nuppi oikealta 1 kpl, ensimm\u00e4inen nuppi oikealta 2 kpl, toisesta varsi osin katkennut (t\u00e4h\u00e4n liittyvi\u00e4 varsiosia saman rivin toiset nupit vasemmalta)<br \/><br \/><strong>Alin rivi:<\/strong> ensimm\u00e4inen nuppi vasemmalta 4 kpl (harmaa, muuten samanlainen kuin saman rivin ensimm\u00e4inen nuppi oikealta), toinen nuppi vasemmalta 1 kpl, kolmas nuppi vasemmalta 1 kpl, kolmas nuppi oikealta halkaisija n 11mm, sis\u00e4lt\u00e4 osin murtunut, toinen nuppi oikealta 1 kpl, ensimm\u00e4inen nuppi oikealta 3 kpl (ruskea, muuten samanlainen kuin saman rivin ensimm\u00e4inen nuppi vasemmalta)<br \/><br \/><strong>Ainakin seuraavat nupit myyty:<br \/><br \/>Ylin rivi:<\/strong> ensimm\u00e4inen nuppi vasemmalta myyty<br \/><strong><br \/>Toiseksi ylin rivi:<\/strong> toinen nuppi oikealta myyty<br \/><br \/>Muitakin nuppeja voi olla myyty, joten varmistathan saatavuuden.<br \/><br \/>Kuvaan on laitettu malliksi yksi kutakin nuppia. Samanlaisia tai vastaavia nuppeja voi olla varastossa enemm\u00e4nkin. Nupit ovat p\u00e4\u00e4osin k\u00e4ytettyj\u00e4, purkuradioista purettuja. Joistakin voi puuttua ruuvi ja\/tai mutteri. Myyd\u00e4\u00e4n paremmuusj\u00e4rjestyksess\u00e4.<\/p>","protected":false},"excerpt":{"rendered":"<p>Tilatessasi ilmoitathan tuotenumeron (esim EKUA 1234) ja tilaamasi nupin paikan kuvassa (esim. toiseksi ylin rivi, toinen nuppi vasemmalta). Osa nupeista on saatettu myyd\u00e4, joten kannattaa varmistaa saatavuus etuk\u00e4teen s\u00e4hk\u00f6postitse. Voit tilata s\u00e4hk\u00f6postitse my\u00f6s siin\u00e4 tapauksessa, mik\u00e4li arvelet tuotteen sopivan kirjetoimituksena (kirjeen paksuus max 3cm). T\u00e4m\u00e4n tuotteen tapauksessa kaikki nupit sopivat kirjetoimituksena mik\u00e4 on huomioitu toimituskulussa.Lis\u00e4\u00e4 &hellip;<\/p>\n<p class=\"read-more\"> <a class=\"thunk-readmore button\" href=\"https:\/\/www.radiomarket.fi\/en\/kohde\/ekum0260-radio-tv-ym-nuppeja-copy\/\"> <span class=\"screen-reader-text\">EKUM0260 radio, TV ym. nuppeja<\/span>Read More<\/a><\/p>","protected":false},"featured_media":36265,"template":"","meta":[],"_links":{"self":[{"href":"https:\/\/www.radiomarket.fi\/en\/wp-json\/wp\/v2\/product\/36262"}],"collection":[{"href":"https:\/\/www.radiomarket.fi\/en\/wp-json\/wp\/v2\/product"}],"about":[{"href":"https:\/\/www.radiomarket.fi\/en\/wp-json\/wp\/v2\/types\/product"}],"wp:featuredmedia":[{"embeddable":true,"href":"https:\/\/www.radiomarket.fi\/en\/wp-json\/wp\/v2\/media\/36265"}],"wp:attachment":[{"href":"https:\/\/www.radiomarket.fi\/en\/wp-json\/wp\/v2\/media?parent=36262"}],"curies":[{"name":"wp","href":"https:\/\/api.w.org\/{rel}","templated":true}]}}