{"id":36267,"date":"2022-12-28T05:33:49","date_gmt":"2022-12-28T03:33:49","guid":{"rendered":"https:\/\/www.radiomarket.fi\/?post_type=product&#038;p=36267"},"modified":"2023-03-22T14:31:00","modified_gmt":"2023-03-22T12:31:00","slug":"ekum0261-radio-tv-ym-nuppeja","status":"publish","type":"product","link":"https:\/\/www.radiomarket.fi\/en\/kohde\/ekum0261-radio-tv-ym-nuppeja\/","title":{"rendered":"EKUM0261 radio, TV ym. nuppeja"},"content":{"rendered":"<p>Tilatessasi ilmoitathan tuotenumeron (esim EKUA 1234) ja tilaamasi nupin paikan kuvassa (esim. toiseksi ylin rivi, toinen nuppi vasemmalta). Osa nupeista on saatettu myyd\u00e4, joten kannattaa varmistaa saatavuus etuk\u00e4teen s\u00e4hk\u00f6postitse. Voit tilata s\u00e4hk\u00f6postitse my\u00f6s siin\u00e4 tapauksessa, mik\u00e4li arvelet tuotteen sopivan kirjetoimituksena (kirjeen paksuus max 3cm). Lis\u00e4\u00e4 nuppeja Radiomarketin tuotekategoriassa &#8220;Nupit&#8221;.<br \/><br \/><strong>Saatavuus:<\/strong><br \/><br \/>Ylin rivi, toinen nuppi vasemmalta (1kpl), kolmas nuppi vasemmalta (2kpl), nelj\u00e4s nuppi vasemmalta (2kpl), nelj\u00e4s nuppi oikealta (1 kpl), kolmas nuppi oikealta (1kpl), toinen nuppi oikealta (1kpl), ensimm\u00e4inen nuppi oikealta (1kpl)<br \/><br \/>Toinen rivi ylh\u00e4\u00e4lt\u00e4, ensimm\u00e4inen nuppi vasemmalta (1kpl), toinen nuppi vasemmalta (1kpl), kolmas nuppi vasemmalta (1kpl), nelj\u00e4s nuppi vasemmalta (3kpl), nelj\u00e4s nuppi oikealta (5 kpl), kolmas nuppi oikealta (3 kpl), toinen nuppi oikealta (1kpl), ensimm\u00e4inen nuppi oikealta (1kpl)<br \/><br \/>Keskimm\u00e4inen rivi, ensimm\u00e4inen nuppi vasemmalta (2kpl), kolmas nuppi vasemmalta (8kpl), nelj\u00e4s nuppi vasemmalta (1kpl), nelj\u00e4s nuppi oikealta (1 kpl), kolmas nuppi oikealta (2 kpl), toinen nuppi oikealta (2kpl), ensimm\u00e4inen nuppi oikealta (3kpl, n\u00e4ist\u00e4 kahdesta p\u00f6lykapseli irronnut)<br \/><br \/>Toinen rivi alhaalta, ensimm\u00e4inen nuppi vasemmalta (1kpl), toinen nuppi vasemmalta (2kpl), kolmas nuppi vasemmalta (1kpl), nelj\u00e4s nuppi vasemmalta (1kpl), nelj\u00e4s nuppi oikealta (1 kpl), kolmas nuppi oikealta (3 kpl), toinen nuppi oikealta (1kpl), ensimm\u00e4inen nuppi oikealta (2kpl)<br \/><br \/>Alin rivi, ensimm\u00e4inen nuppi vasemmalta (2kpl), toinen nuppi vasemmalta (2kpl), keskimm\u00e4inen nuppi (2kpl), toinen nuppi oikealta (nokkanuppi, 2 kpl), ensimm\u00e4inen nuppi oikealta (1kpl)<br \/><br \/><strong>Ainakin seuraavat nupit myyty:<br \/><br \/><\/strong>Ylin rivi, ensimm\u00e4inen nuppi vasemmalta myyty<br \/>Keskimm\u00e4inen rivi, toinen nuppi vasemmalta myyty<br \/><br \/>Muitakin nuppeja voi olla myyty, joten varmistathan saatavuuden.<br \/><br \/>Kuvaan on laitettu malliksi yksi kutakin nuppia. Samanlaisia tai vastaavia nuppeja voi olla varastossa enemm\u00e4nkin. Nupit ovat p\u00e4\u00e4osin k\u00e4ytettyj\u00e4, purkuradioista purettuja. Joistakin voi puuttua ruuvi ja\/tai mutteri.<\/p>","protected":false},"excerpt":{"rendered":"<p>Tilatessasi ilmoitathan tuotenumeron (esim EKUA 1234) ja tilaamasi nupin paikan kuvassa (esim. toiseksi ylin rivi, toinen nuppi vasemmalta). Osa nupeista on saatettu myyd\u00e4, joten kannattaa varmistaa saatavuus etuk\u00e4teen s\u00e4hk\u00f6postitse. Voit tilata s\u00e4hk\u00f6postitse my\u00f6s siin\u00e4 tapauksessa, mik\u00e4li arvelet tuotteen sopivan kirjetoimituksena (kirjeen paksuus max 3cm). Lis\u00e4\u00e4 nuppeja Radiomarketin tuotekategoriassa &#8220;Nupit&#8221;.Saatavuus:Ylin rivi, toinen nuppi vasemmalta (1kpl), kolmas &hellip;<\/p>\n<p class=\"read-more\"> <a class=\"thunk-readmore button\" href=\"https:\/\/www.radiomarket.fi\/en\/kohde\/ekum0261-radio-tv-ym-nuppeja\/\"> <span class=\"screen-reader-text\">EKUM0261 radio, TV ym. nuppeja<\/span>Read More<\/a><\/p>","protected":false},"featured_media":36270,"template":"","meta":[],"_links":{"self":[{"href":"https:\/\/www.radiomarket.fi\/en\/wp-json\/wp\/v2\/product\/36267"}],"collection":[{"href":"https:\/\/www.radiomarket.fi\/en\/wp-json\/wp\/v2\/product"}],"about":[{"href":"https:\/\/www.radiomarket.fi\/en\/wp-json\/wp\/v2\/types\/product"}],"wp:featuredmedia":[{"embeddable":true,"href":"https:\/\/www.radiomarket.fi\/en\/wp-json\/wp\/v2\/media\/36270"}],"wp:attachment":[{"href":"https:\/\/www.radiomarket.fi\/en\/wp-json\/wp\/v2\/media?parent=36267"}],"curies":[{"name":"wp","href":"https:\/\/api.w.org\/{rel}","templated":true}]}}