{"id":36285,"date":"2022-12-28T14:55:49","date_gmt":"2022-12-28T12:55:49","guid":{"rendered":"https:\/\/www.radiomarket.fi\/?post_type=product&#038;p=36285"},"modified":"2023-01-13T11:19:38","modified_gmt":"2023-01-13T09:19:38","slug":"ekua5320y-asa-maestro","status":"publish","type":"product","link":"https:\/\/www.radiomarket.fi\/en\/kohde\/ekua5320y-asa-maestro\/","title":{"rendered":"EKUA5320y Asa Maestro (EKUM)"},"content":{"rendered":"<p>Maestro radio. Keltaista teksti\u00e4. Lasissa lukee &#8220;U L A LYHYET KESKIP. PITK\u00c4T \u00c4\u00c4NILEVYT&#8221;<\/p>","protected":false},"excerpt":{"rendered":"<p>Maestro radio. Keltaista teksti\u00e4. Lasissa lukee &#8220;U L A LYHYET KESKIP. PITK\u00c4T \u00c4\u00c4NILEVYT&#8221;<\/p>","protected":false},"featured_media":36655,"template":"","meta":[],"_links":{"self":[{"href":"https:\/\/www.radiomarket.fi\/en\/wp-json\/wp\/v2\/product\/36285"}],"collection":[{"href":"https:\/\/www.radiomarket.fi\/en\/wp-json\/wp\/v2\/product"}],"about":[{"href":"https:\/\/www.radiomarket.fi\/en\/wp-json\/wp\/v2\/types\/product"}],"wp:featuredmedia":[{"embeddable":true,"href":"https:\/\/www.radiomarket.fi\/en\/wp-json\/wp\/v2\/media\/36655"}],"wp:attachment":[{"href":"https:\/\/www.radiomarket.fi\/en\/wp-json\/wp\/v2\/media?parent=36285"}],"curies":[{"name":"wp","href":"https:\/\/api.w.org\/{rel}","templated":true}]}}