{"id":36308,"date":"2022-12-28T17:59:35","date_gmt":"2022-12-28T15:59:35","guid":{"rendered":"https:\/\/www.radiomarket.fi\/?post_type=product&#038;p=36308"},"modified":"2022-12-29T04:07:40","modified_gmt":"2022-12-29T02:07:40","slug":"ekua5392x-suomalainen-asteikkolasi-ekum","status":"publish","type":"product","link":"https:\/\/www.radiomarket.fi\/en\/kohde\/ekua5392x-suomalainen-asteikkolasi-ekum\/","title":{"rendered":"EKUA5392x Suomalainen(?) asteikkolasi (EKUM)"},"content":{"rendered":"<p>Valkoinen, mustaa teksti\u00e4, Lasi levenee yl\u00f6sp\u00e4in, Py\u00f6re\u00e4t yl\u00e4reunat<\/p>","protected":false},"excerpt":{"rendered":"<p>Valkoinen, mustaa teksti\u00e4, Lasi levenee yl\u00f6sp\u00e4in, Py\u00f6re\u00e4t yl\u00e4reunat<\/p>","protected":false},"featured_media":36336,"template":"","meta":[],"_links":{"self":[{"href":"https:\/\/www.radiomarket.fi\/en\/wp-json\/wp\/v2\/product\/36308"}],"collection":[{"href":"https:\/\/www.radiomarket.fi\/en\/wp-json\/wp\/v2\/product"}],"about":[{"href":"https:\/\/www.radiomarket.fi\/en\/wp-json\/wp\/v2\/types\/product"}],"wp:featuredmedia":[{"embeddable":true,"href":"https:\/\/www.radiomarket.fi\/en\/wp-json\/wp\/v2\/media\/36336"}],"wp:attachment":[{"href":"https:\/\/www.radiomarket.fi\/en\/wp-json\/wp\/v2\/media?parent=36308"}],"curies":[{"name":"wp","href":"https:\/\/api.w.org\/{rel}","templated":true}]}}