{"id":36383,"date":"2022-12-29T12:46:46","date_gmt":"2022-12-29T10:46:46","guid":{"rendered":"https:\/\/www.radiomarket.fi\/?post_type=product&#038;p=36383"},"modified":"2023-01-05T09:14:28","modified_gmt":"2023-01-05T07:14:28","slug":"ekum2227-fenno-asteikkolasi-x-51514-30-luvulta","status":"publish","type":"product","link":"https:\/\/www.radiomarket.fi\/en\/kohde\/ekum2227-fenno-asteikkolasi-x-51514-30-luvulta\/","title":{"rendered":"EKUM2227 Philips \/ Fenno asteikkolasi X 51514 40-luvulta"},"content":{"rendered":"<p>Merkint\u00e4 lasissa vain X 51514 (saattaa viitata FX51514 -asteikkomerkint\u00e4\u00e4n). Lasin merkinn\u00e4t osin kuluneet.<br \/><br \/>Vaikuttaa samalta kuin esim. mallissa Fenno-Seura &#8211; 45 &#8211; V ja Philips 694V-46.<br \/><br \/>Lis\u00e4\u00e4 asteikkolaseja Radiomarketin &#8220;Asteikko-osat&#8221; -tuotekategoriassa.<\/p>","protected":false},"excerpt":{"rendered":"<p>Suosittelemme asteikkolaseille s\u00e4rkyv\u00e4-lis\u00e4palvelua (ostettavissa tuotteena)<\/p>","protected":false},"featured_media":36384,"template":"","meta":[],"_links":{"self":[{"href":"https:\/\/www.radiomarket.fi\/en\/wp-json\/wp\/v2\/product\/36383"}],"collection":[{"href":"https:\/\/www.radiomarket.fi\/en\/wp-json\/wp\/v2\/product"}],"about":[{"href":"https:\/\/www.radiomarket.fi\/en\/wp-json\/wp\/v2\/types\/product"}],"wp:featuredmedia":[{"embeddable":true,"href":"https:\/\/www.radiomarket.fi\/en\/wp-json\/wp\/v2\/media\/36384"}],"wp:attachment":[{"href":"https:\/\/www.radiomarket.fi\/en\/wp-json\/wp\/v2\/media?parent=36383"}],"curies":[{"name":"wp","href":"https:\/\/api.w.org\/{rel}","templated":true}]}}