{"id":36389,"date":"2022-12-29T13:00:47","date_gmt":"2022-12-29T11:00:47","guid":{"rendered":"https:\/\/www.radiomarket.fi\/?post_type=product&#038;p=36389"},"modified":"2022-12-29T13:42:36","modified_gmt":"2022-12-29T11:42:36","slug":"ekum2228-helkama-lido-asteikkopleksi","status":"publish","type":"product","link":"https:\/\/www.radiomarket.fi\/en\/kohde\/ekum2228-helkama-lido-asteikkopleksi\/","title":{"rendered":"EKUM2228 Helkama Lido asteikkopleksi"},"content":{"rendered":"<p>P\u00e4\u00e4dyt levyss\u00e4 kapenevat yl\u00f6sp\u00e4in. Maalaus Lido -tekstin kohdalta h\u00e4ipynyt. Oikeanpuoleisen nupin alapuolella halkeama \/ n\u00e4kyv\u00e4 pitk\u00e4 naarmu.<br \/><br \/>Lis\u00e4\u00e4 asteikkolaseja Radiomarketin &#8220;Asteikko-osat&#8221; -tuotekategoriassa.<\/p>","protected":false},"excerpt":{"rendered":"<p>Suosittelemme asteikkolaseille s\u00e4rkyv\u00e4-lis\u00e4palvelua (ostettavissa tuotteena)<\/p>","protected":false},"featured_media":36391,"template":"","meta":[],"_links":{"self":[{"href":"https:\/\/www.radiomarket.fi\/en\/wp-json\/wp\/v2\/product\/36389"}],"collection":[{"href":"https:\/\/www.radiomarket.fi\/en\/wp-json\/wp\/v2\/product"}],"about":[{"href":"https:\/\/www.radiomarket.fi\/en\/wp-json\/wp\/v2\/types\/product"}],"wp:featuredmedia":[{"embeddable":true,"href":"https:\/\/www.radiomarket.fi\/en\/wp-json\/wp\/v2\/media\/36391"}],"wp:attachment":[{"href":"https:\/\/www.radiomarket.fi\/en\/wp-json\/wp\/v2\/media?parent=36389"}],"curies":[{"name":"wp","href":"https:\/\/api.w.org\/{rel}","templated":true}]}}