{"id":36392,"date":"2022-12-29T13:58:18","date_gmt":"2022-12-29T11:58:18","guid":{"rendered":"https:\/\/www.radiomarket.fi\/?post_type=product&#038;p=36392"},"modified":"2022-12-29T14:08:48","modified_gmt":"2022-12-29T12:08:48","slug":"ekum2229-saksalainen-matkaradion-asteikkolasi","status":"publish","type":"product","link":"https:\/\/www.radiomarket.fi\/en\/kohde\/ekum2229-saksalainen-matkaradion-asteikkolasi\/","title":{"rendered":"EKUM2229 Saksalainen matkaradion asteikkolasi"},"content":{"rendered":"<p>MW LW KW UK<br \/><br \/>Lis\u00e4\u00e4 asteikkolaseja Radiomarketin &#8220;Asteikko-osat&#8221; -tuotekategoriassa.<\/p>","protected":false},"excerpt":{"rendered":"<p>Suosittelemme asteikkolaseille s\u00e4rkyv\u00e4-lis\u00e4palvelua (ostettavissa tuotteena)<\/p>","protected":false},"featured_media":36393,"template":"","meta":[],"_links":{"self":[{"href":"https:\/\/www.radiomarket.fi\/en\/wp-json\/wp\/v2\/product\/36392"}],"collection":[{"href":"https:\/\/www.radiomarket.fi\/en\/wp-json\/wp\/v2\/product"}],"about":[{"href":"https:\/\/www.radiomarket.fi\/en\/wp-json\/wp\/v2\/types\/product"}],"wp:featuredmedia":[{"embeddable":true,"href":"https:\/\/www.radiomarket.fi\/en\/wp-json\/wp\/v2\/media\/36393"}],"wp:attachment":[{"href":"https:\/\/www.radiomarket.fi\/en\/wp-json\/wp\/v2\/media?parent=36392"}],"curies":[{"name":"wp","href":"https:\/\/api.w.org\/{rel}","templated":true}]}}