{"id":36396,"date":"2022-12-29T14:07:44","date_gmt":"2022-12-29T12:07:44","guid":{"rendered":"https:\/\/www.radiomarket.fi\/?post_type=product&#038;p=36396"},"modified":"2023-01-04T10:03:52","modified_gmt":"2023-01-04T08:03:52","slug":"ekum2230-asteikkopleksi-philips","status":"publish","type":"product","link":"https:\/\/www.radiomarket.fi\/en\/kohde\/ekum2230-asteikkopleksi-philips\/","title":{"rendered":"EKUM2230 Asteikkopleksi Philips(?)"},"content":{"rendered":"<p>Vihre\u00e4t tekstit<br \/><br \/>L\u00e4pin\u00e4kyv\u00e4. LW 150-330 Khz, MW 1: 520-1350 Khz, MW 2: 1402-1600 Khz, SW 6-10 Mhz, FM 87,5-104 MHz<br \/><br \/>Lis\u00e4\u00e4 asteikkolaseja Radiomarketin &#8220;Asteikko-osat&#8221; -tuotekategoriassa.<\/p>","protected":false},"excerpt":{"rendered":"<p>Suosittelemme asteikkolaseille s\u00e4rkyv\u00e4-lis\u00e4palvelua (ostettavissa tuotteena)<\/p>","protected":false},"featured_media":36395,"template":"","meta":[],"_links":{"self":[{"href":"https:\/\/www.radiomarket.fi\/en\/wp-json\/wp\/v2\/product\/36396"}],"collection":[{"href":"https:\/\/www.radiomarket.fi\/en\/wp-json\/wp\/v2\/product"}],"about":[{"href":"https:\/\/www.radiomarket.fi\/en\/wp-json\/wp\/v2\/types\/product"}],"wp:featuredmedia":[{"embeddable":true,"href":"https:\/\/www.radiomarket.fi\/en\/wp-json\/wp\/v2\/media\/36395"}],"wp:attachment":[{"href":"https:\/\/www.radiomarket.fi\/en\/wp-json\/wp\/v2\/media?parent=36396"}],"curies":[{"name":"wp","href":"https:\/\/api.w.org\/{rel}","templated":true}]}}