{"id":36430,"date":"2023-01-01T20:57:15","date_gmt":"2023-01-01T18:57:15","guid":{"rendered":"https:\/\/www.radiomarket.fi\/?post_type=product&#038;p=36430"},"modified":"2023-10-12T12:14:36","modified_gmt":"2023-10-12T09:14:36","slug":"ekum0375-fein-9-12-volttia-akkulaturi","status":"publish","type":"product","link":"https:\/\/www.radiomarket.fi\/en\/kohde\/ekum0375-fein-9-12-volttia-akkulaturi\/","title":{"rendered":"EKUM0375 Fein 9,6 &#8211; 12 volttia akkulaturi"},"content":{"rendered":"<p>Hieman vanhempi akkulaturi, hyl\u00e4tty toimivana. Akkuty\u00f6koneen laturi. Monitoimity\u00f6koneen lataaja.<\/p>","protected":false},"excerpt":{"rendered":"<p>Hieman vanhempi akkulaturi, hyl\u00e4tty toimivana. Akkuty\u00f6koneen laturi. Monitoimity\u00f6koneen lataaja.<\/p>","protected":false},"featured_media":36431,"template":"","meta":[],"_links":{"self":[{"href":"https:\/\/www.radiomarket.fi\/en\/wp-json\/wp\/v2\/product\/36430"}],"collection":[{"href":"https:\/\/www.radiomarket.fi\/en\/wp-json\/wp\/v2\/product"}],"about":[{"href":"https:\/\/www.radiomarket.fi\/en\/wp-json\/wp\/v2\/types\/product"}],"wp:featuredmedia":[{"embeddable":true,"href":"https:\/\/www.radiomarket.fi\/en\/wp-json\/wp\/v2\/media\/36431"}],"wp:attachment":[{"href":"https:\/\/www.radiomarket.fi\/en\/wp-json\/wp\/v2\/media?parent=36430"}],"curies":[{"name":"wp","href":"https:\/\/api.w.org\/{rel}","templated":true}]}}