{"id":36439,"date":"2023-01-01T21:44:59","date_gmt":"2023-01-01T19:44:59","guid":{"rendered":"https:\/\/www.radiomarket.fi\/?post_type=product&#038;p=36439"},"modified":"2023-10-12T11:43:36","modified_gmt":"2023-10-12T08:43:36","slug":"ekum0377-junghans-kellokoneisto-metalli-c-paristo-lyonti","status":"publish","type":"product","link":"https:\/\/www.radiomarket.fi\/en\/kohde\/ekum0377-junghans-kellokoneisto-metalli-c-paristo-lyonti\/","title":{"rendered":"EKUM0377 Junghans kellokoneisto metalli C-paristo ly\u00f6nti"},"content":{"rendered":"<p>Kolmi\u00e4\u00e4ninen ly\u00f6v\u00e4 koneisto. 1970-luku?<\/p>","protected":false},"excerpt":{"rendered":"<p>Kolmi\u00e4\u00e4ninen ly\u00f6v\u00e4 koneisto. 1970-luku?<\/p>","protected":false},"featured_media":36441,"template":"","meta":[],"_links":{"self":[{"href":"https:\/\/www.radiomarket.fi\/en\/wp-json\/wp\/v2\/product\/36439"}],"collection":[{"href":"https:\/\/www.radiomarket.fi\/en\/wp-json\/wp\/v2\/product"}],"about":[{"href":"https:\/\/www.radiomarket.fi\/en\/wp-json\/wp\/v2\/types\/product"}],"wp:featuredmedia":[{"embeddable":true,"href":"https:\/\/www.radiomarket.fi\/en\/wp-json\/wp\/v2\/media\/36441"}],"wp:attachment":[{"href":"https:\/\/www.radiomarket.fi\/en\/wp-json\/wp\/v2\/media?parent=36439"}],"curies":[{"name":"wp","href":"https:\/\/api.w.org\/{rel}","templated":true}]}}