{"id":36459,"date":"2023-01-04T12:48:24","date_gmt":"2023-01-04T10:48:24","guid":{"rendered":"https:\/\/www.radiomarket.fi\/?post_type=product&#038;p=36459"},"modified":"2024-01-31T06:54:37","modified_gmt":"2024-01-31T04:54:37","slug":"ekum2235-thomson-14mk15et","status":"publish","type":"product","link":"https:\/\/www.radiomarket.fi\/en\/kohde\/ekum2235-thomson-14mk15et\/","title":{"rendered":"EKUM2235 Thomson 14MK15ET"},"content":{"rendered":"<p>V\u00e4ri-TV, mukana kaukos\u00e4\u00e4din ja k\u00e4ytt\u00f6ohje. Varastoitu aikanaan toimivana ja uudelleen testattu 04\/2023. Kuva tulee, mutta \u00e4\u00e4ni <strong>ei kuulu<\/strong>. Etupaneelin painonapeista vain oikeanpuoleinen reagoi (VOL+).<\/p>","protected":false},"excerpt":{"rendered":"<p>Suosittelemme t\u00e4lle tuotteelle s\u00e4rkyv\u00e4-lis\u00e4palvelua (ostettavissa tuotteena)<\/p>","protected":false},"featured_media":36461,"template":"","meta":[],"_links":{"self":[{"href":"https:\/\/www.radiomarket.fi\/en\/wp-json\/wp\/v2\/product\/36459"}],"collection":[{"href":"https:\/\/www.radiomarket.fi\/en\/wp-json\/wp\/v2\/product"}],"about":[{"href":"https:\/\/www.radiomarket.fi\/en\/wp-json\/wp\/v2\/types\/product"}],"wp:featuredmedia":[{"embeddable":true,"href":"https:\/\/www.radiomarket.fi\/en\/wp-json\/wp\/v2\/media\/36461"}],"wp:attachment":[{"href":"https:\/\/www.radiomarket.fi\/en\/wp-json\/wp\/v2\/media?parent=36459"}],"curies":[{"name":"wp","href":"https:\/\/api.w.org\/{rel}","templated":true}]}}