{"id":36470,"date":"2023-01-04T15:42:52","date_gmt":"2023-01-04T13:42:52","guid":{"rendered":"https:\/\/www.radiomarket.fi\/?post_type=product&#038;p=36470"},"modified":"2023-01-12T12:04:08","modified_gmt":"2023-01-12T10:04:08","slug":"ekum2238-philips-811-22-rh-811-83t","status":"publish","type":"product","link":"https:\/\/www.radiomarket.fi\/en\/kohde\/ekum2238-philips-811-22-rh-811-83t\/","title":{"rendered":"EKUM2238 Philips 811 (22 RH 811\/83T)"},"content":{"rendered":"<p>Lahjoittajan mukaan kasettiosaa lukuunottamatta toimiva. Testattu meill\u00e4 1\/2023. Virta tulee, asteikkolampuista ainakin osa pime\u00e4n\u00e4. Kotelossa pintavikaa, p\u00e4\u00e4llysosa irtoaa, naarmuja. Painonappien tekstit kuluneita.\u00a0 My\u00f6s hopeanv\u00e4risiss\u00e4 osissa kulumaa. Kasettiluukku puuttuu. Takana tarra. Ei tutkittu tarkemmin.<\/p>","protected":false},"excerpt":{"rendered":"<p>Lahjoittajan mukaan kasettiosaa lukuunottamatta toimiva. Testattu meill\u00e4 1\/2023. Virta tulee, asteikkolampuista ainakin osa pime\u00e4n\u00e4. Kotelossa pintavikaa, p\u00e4\u00e4llysosa irtoaa, naarmuja. Painonappien tekstit kuluneita.\u00a0 My\u00f6s hopeanv\u00e4risiss\u00e4 osissa kulumaa. Kasettiluukku puuttuu. Takana tarra. Ei tutkittu tarkemmin.<\/p>","protected":false},"featured_media":36471,"template":"","meta":[],"_links":{"self":[{"href":"https:\/\/www.radiomarket.fi\/en\/wp-json\/wp\/v2\/product\/36470"}],"collection":[{"href":"https:\/\/www.radiomarket.fi\/en\/wp-json\/wp\/v2\/product"}],"about":[{"href":"https:\/\/www.radiomarket.fi\/en\/wp-json\/wp\/v2\/types\/product"}],"wp:featuredmedia":[{"embeddable":true,"href":"https:\/\/www.radiomarket.fi\/en\/wp-json\/wp\/v2\/media\/36471"}],"wp:attachment":[{"href":"https:\/\/www.radiomarket.fi\/en\/wp-json\/wp\/v2\/media?parent=36470"}],"curies":[{"name":"wp","href":"https:\/\/api.w.org\/{rel}","templated":true}]}}