{"id":36481,"date":"2023-08-11T22:17:07","date_gmt":"2023-08-11T19:17:07","guid":{"rendered":"https:\/\/www.radiomarket.fi\/?post_type=product&#038;p=36481"},"modified":"2023-08-11T21:36:52","modified_gmt":"2023-08-11T18:36:52","slug":"ekum2239-jvc-mx-d451tr","status":"publish","type":"product","link":"https:\/\/www.radiomarket.fi\/en\/kohde\/ekum2239-jvc-mx-d451tr\/","title":{"rendered":"EKUM2239 JVC MX-D451TR"},"content":{"rendered":"<p>Radio-CD-kasettisoitin. Ei tule virtaa, sulake tarkistettu. Kolmen CD:n vaihtajalla. Takakannen tyyppimerkint\u00e4 JVC CA-D451CR.  Verkkojohto katkaistu. P\u00e4\u00e4ll\u00e4 pintanaarmua. Ei tutkittu tarkemmin.<\/p>","protected":false},"excerpt":{"rendered":"<p>Radio-CD-kasettisoitin. Ei tule virtaa, sulake tarkistettu. Kolmen CD:n vaihtajalla. Takakannen tyyppimerkint\u00e4 JVC CA-D451CR. Verkkojohto katkaistu. P\u00e4\u00e4ll\u00e4 pintanaarmua. Ei tutkittu tarkemmin.<\/p>","protected":false},"featured_media":36483,"template":"","meta":[],"_links":{"self":[{"href":"https:\/\/www.radiomarket.fi\/en\/wp-json\/wp\/v2\/product\/36481"}],"collection":[{"href":"https:\/\/www.radiomarket.fi\/en\/wp-json\/wp\/v2\/product"}],"about":[{"href":"https:\/\/www.radiomarket.fi\/en\/wp-json\/wp\/v2\/types\/product"}],"wp:featuredmedia":[{"embeddable":true,"href":"https:\/\/www.radiomarket.fi\/en\/wp-json\/wp\/v2\/media\/36483"}],"wp:attachment":[{"href":"https:\/\/www.radiomarket.fi\/en\/wp-json\/wp\/v2\/media?parent=36481"}],"curies":[{"name":"wp","href":"https:\/\/api.w.org\/{rel}","templated":true}]}}