{"id":36484,"date":"2023-01-04T16:40:40","date_gmt":"2023-01-04T14:40:40","guid":{"rendered":"https:\/\/www.radiomarket.fi\/?post_type=product&#038;p=36484"},"modified":"2024-03-28T14:02:48","modified_gmt":"2024-03-28T12:02:48","slug":"ekum2241-fintec-scd-66","status":"publish","type":"product","link":"https:\/\/www.radiomarket.fi\/en\/kohde\/ekum2241-fintec-scd-66\/","title":{"rendered":"EKUM2241 Fintec SCD-66"},"content":{"rendered":"<p>Radio-CD-kasettisoitin. Testattu radion osalta 1\/2023, todettu ett\u00e4 kuuluu hyvin. Lahjoittajan mukaan toimiva. Ei tutkittu meill\u00e4 tarkemmin. P\u00e4\u00e4ll\u00e4 kulumaa ja k\u00e4yt\u00f6n j\u00e4lke\u00e4. Yleismallin verkkojohto sopii. Ostettavissa erikseen.\u00a0<\/p>","protected":false},"excerpt":{"rendered":"<p>Radio-CD-kasettisoitin. Testattu radion osalta 1\/2023, todettu ett\u00e4 kuuluu hyvin. Lahjoittajan mukaan toimiva. Ei tutkittu meill\u00e4 tarkemmin. P\u00e4\u00e4ll\u00e4 kulumaa ja k\u00e4yt\u00f6n j\u00e4lke\u00e4. Yleismallin verkkojohto sopii. Ostettavissa erikseen.\u00a0<\/p>","protected":false},"featured_media":36486,"template":"","meta":[],"_links":{"self":[{"href":"https:\/\/www.radiomarket.fi\/en\/wp-json\/wp\/v2\/product\/36484"}],"collection":[{"href":"https:\/\/www.radiomarket.fi\/en\/wp-json\/wp\/v2\/product"}],"about":[{"href":"https:\/\/www.radiomarket.fi\/en\/wp-json\/wp\/v2\/types\/product"}],"wp:featuredmedia":[{"embeddable":true,"href":"https:\/\/www.radiomarket.fi\/en\/wp-json\/wp\/v2\/media\/36486"}],"wp:attachment":[{"href":"https:\/\/www.radiomarket.fi\/en\/wp-json\/wp\/v2\/media?parent=36484"}],"curies":[{"name":"wp","href":"https:\/\/api.w.org\/{rel}","templated":true}]}}