{"id":36506,"date":"2023-01-08T18:31:12","date_gmt":"2023-01-08T16:31:12","guid":{"rendered":"https:\/\/www.radiomarket.fi\/?post_type=product&#038;p=36506"},"modified":"2023-01-09T11:16:37","modified_gmt":"2023-01-09T09:16:37","slug":"ekub0357-kaksipisteturvavyo","status":"publish","type":"product","link":"https:\/\/www.radiomarket.fi\/en\/kohde\/ekub0357-kaksipisteturvavyo\/","title":{"rendered":"EKUB0357 kaksipisteturvavy\u00f6 NOS"},"content":{"rendered":"Uusi, k\u00e4ytt\u00e4m\u00e4t\u00f6n tuote. Ei kelausta. Lantioturvavy\u00f6.","protected":false},"excerpt":{"rendered":"<p>Uusi, k\u00e4ytt\u00e4m\u00e4t\u00f6n tuote. Ei kelausta. Lantioturvavy\u00f6.<\/p>","protected":false},"featured_media":36508,"template":"","meta":[],"_links":{"self":[{"href":"https:\/\/www.radiomarket.fi\/en\/wp-json\/wp\/v2\/product\/36506"}],"collection":[{"href":"https:\/\/www.radiomarket.fi\/en\/wp-json\/wp\/v2\/product"}],"about":[{"href":"https:\/\/www.radiomarket.fi\/en\/wp-json\/wp\/v2\/types\/product"}],"wp:featuredmedia":[{"embeddable":true,"href":"https:\/\/www.radiomarket.fi\/en\/wp-json\/wp\/v2\/media\/36508"}],"wp:attachment":[{"href":"https:\/\/www.radiomarket.fi\/en\/wp-json\/wp\/v2\/media?parent=36506"}],"curies":[{"name":"wp","href":"https:\/\/api.w.org\/{rel}","templated":true}]}}