{"id":36507,"date":"2023-01-08T18:40:17","date_gmt":"2023-01-08T16:40:17","guid":{"rendered":"https:\/\/www.radiomarket.fi\/?post_type=product&#038;p=36507"},"modified":"2023-02-23T07:43:46","modified_gmt":"2023-02-23T05:43:46","slug":"ekum2244-telefunken-166-wk","status":"publish","type":"product","link":"https:\/\/www.radiomarket.fi\/en\/kohde\/ekum2244-telefunken-166-wk\/","title":{"rendered":"EKUM2244 Telefunken 166 WK"},"content":{"rendered":"<p>Virtajohto poikki, huono kotelo, l\u00e4htenyt kulmista purkautumaan. Kuvien perusteella asteikko eritt\u00e4in kulunut. Varaosiksi soveltuva radio, tilaathan tarvitsemasi varaosat emaililla. Kokonaisuus noutomyynniss\u00e4 tai toimitus sovittaessa. Kokonaisuuden hinta t\u00e4st\u00e4 saatavien varaosien ajateltu yhteishinta. Yksitt\u00e4isi\u00e4 varaosia my\u00f6s postimyynnill\u00e4. Ei tutkittu tarkemmin. Varmistathan tietojen oikeellisuuden myyj\u00e4lt\u00e4.<\/p>","protected":false},"excerpt":{"rendered":"<p>Virtajohto poikki, huono kotelo, l\u00e4htenyt kulmista purkautumaan. Kuvien perusteella asteikko eritt\u00e4in kulunut. Varaosiksi soveltuva radio, tilaathan tarvitsemasi varaosat emaililla. Kokonaisuus noutomyynniss\u00e4 tai toimitus sovittaessa. Kokonaisuuden hinta t\u00e4st\u00e4 saatavien varaosien ajateltu yhteishinta. Yksitt\u00e4isi\u00e4 varaosia my\u00f6s postimyynnill\u00e4. Ei tutkittu tarkemmin. Varmistathan tietojen oikeellisuuden myyj\u00e4lt\u00e4.<\/p>","protected":false},"featured_media":38208,"template":"","meta":[],"_links":{"self":[{"href":"https:\/\/www.radiomarket.fi\/en\/wp-json\/wp\/v2\/product\/36507"}],"collection":[{"href":"https:\/\/www.radiomarket.fi\/en\/wp-json\/wp\/v2\/product"}],"about":[{"href":"https:\/\/www.radiomarket.fi\/en\/wp-json\/wp\/v2\/types\/product"}],"wp:featuredmedia":[{"embeddable":true,"href":"https:\/\/www.radiomarket.fi\/en\/wp-json\/wp\/v2\/media\/38208"}],"wp:attachment":[{"href":"https:\/\/www.radiomarket.fi\/en\/wp-json\/wp\/v2\/media?parent=36507"}],"curies":[{"name":"wp","href":"https:\/\/api.w.org\/{rel}","templated":true}]}}