{"id":36516,"date":"2023-01-08T19:17:55","date_gmt":"2023-01-08T17:17:55","guid":{"rendered":"https:\/\/www.radiomarket.fi\/?post_type=product&#038;p=36516"},"modified":"2023-08-02T10:34:24","modified_gmt":"2023-08-02T07:34:24","slug":"ekub0360-chrysler-grand-voyager-2008-12-haynes-korjauskirja","status":"publish","type":"product","link":"https:\/\/www.radiomarket.fi\/en\/kohde\/ekub0360-chrysler-grand-voyager-2008-12-haynes-korjauskirja\/","title":{"rendered":"EKUB0360 Chrysler Grand Voyager 2008-12 Haynes korjauskirja"},"content":{"rendered":"Englantilainen jenkkiauton rakenteen perusteellisesti selvitt\u00e4v\u00e4 purku- ja kasausselostus kirjana. Julkaisija Haynes North America, painettu USA:ssa. Vianetsint\u00e4, kytkent\u00e4kaaviot ym. Kirja ei kata dieselmoottoreita ja nelivetoversiota. Kirja on k\u00e4yt\u00e4nn\u00f6ss\u00e4 lukematon.\r\n\r\nKirjan paksuus 17 mm, sivum\u00e4\u00e4r\u00e4 ei selvi\u00e4 sivujen jenkkilukunumeroinnista johtuen. Toimitetaan kirjeen\u00e4.\r\n\r\nDodge Grand Caravan, Chrysler Town&amp;Country, Caravan Cargo. Repair manual.","protected":false},"excerpt":{"rendered":"<p>Englantilainen jenkkiauton rakenteen perusteellisesti selvitt\u00e4v\u00e4 purku- ja kasausselostus kirjana. Julkaisija Haynes North America, painettu USA:ssa. Vianetsint\u00e4, kytkent\u00e4kaaviot ym. Kirja ei kata dieselmoottoreita ja nelivetoversiota. Kirja on k\u00e4yt\u00e4nn\u00f6ss\u00e4 lukematon. Kirjan paksuus 17 mm, sivum\u00e4\u00e4r\u00e4 ei selvi\u00e4 sivujen jenkkilukunumeroinnista johtuen. Toimitetaan kirjeen\u00e4. Dodge Grand Caravan, Chrysler Town&amp;Country, Caravan Cargo. Repair manual.<\/p>","protected":false},"featured_media":36518,"template":"","meta":[],"_links":{"self":[{"href":"https:\/\/www.radiomarket.fi\/en\/wp-json\/wp\/v2\/product\/36516"}],"collection":[{"href":"https:\/\/www.radiomarket.fi\/en\/wp-json\/wp\/v2\/product"}],"about":[{"href":"https:\/\/www.radiomarket.fi\/en\/wp-json\/wp\/v2\/types\/product"}],"wp:featuredmedia":[{"embeddable":true,"href":"https:\/\/www.radiomarket.fi\/en\/wp-json\/wp\/v2\/media\/36518"}],"wp:attachment":[{"href":"https:\/\/www.radiomarket.fi\/en\/wp-json\/wp\/v2\/media?parent=36516"}],"curies":[{"name":"wp","href":"https:\/\/api.w.org\/{rel}","templated":true}]}}