{"id":36519,"date":"2023-01-08T19:39:14","date_gmt":"2023-01-08T17:39:14","guid":{"rendered":"https:\/\/www.radiomarket.fi\/?post_type=product&#038;p=36519"},"modified":"2024-11-21T14:17:24","modified_gmt":"2024-11-21T12:17:24","slug":"ekub0361-doro-5031-senioripuhelin-gsm","status":"publish","type":"product","link":"https:\/\/www.radiomarket.fi\/en\/kohde\/ekub0361-doro-5031-senioripuhelin-gsm\/","title":{"rendered":"EKUB0361 Doro 5031 senioripuhelin GSM"},"content":{"rendered":"Toimiva puhelin toimivalla akulla, testattu tammikuussa 2023. Soittaminen testattu, \u00e4\u00e4ni hyv\u00e4 molempiin suuntiin. H\u00e4t\u00e4painike. Kulumaa maalissa USB-pistokkeen ymp\u00e4rill\u00e4 ja p\u00e4\u00e4dyss\u00e4, hyv\u00e4 lasi, katso kuvat.\r\n\r\nLataustelakkaa t\u00e4h\u00e4n ei ole tarjolla, mik\u00e4li aiot k\u00e4ytt\u00e4\u00e4 olemassa olevaa telakkaa, varmista ett\u00e4 kontaktipiikit ovat kapealla v\u00e4lill\u00e4. Tarvitessasi tiedustele sopivaa laturia.","protected":false},"excerpt":{"rendered":"<p>Toimiva puhelin toimivalla akulla, testattu tammikuussa 2023. Soittaminen testattu, \u00e4\u00e4ni hyv\u00e4 molempiin suuntiin. H\u00e4t\u00e4painike. Kulumaa maalissa USB-pistokkeen ymp\u00e4rill\u00e4 ja p\u00e4\u00e4dyss\u00e4, hyv\u00e4 lasi, katso kuvat. Lataustelakkaa t\u00e4h\u00e4n ei ole tarjolla, mik\u00e4li aiot k\u00e4ytt\u00e4\u00e4 olemassa olevaa telakkaa, varmista ett\u00e4 kontaktipiikit ovat kapealla v\u00e4lill\u00e4. Tarvitessasi tiedustele sopivaa laturia.<\/p>","protected":false},"featured_media":36526,"template":"","meta":[],"_links":{"self":[{"href":"https:\/\/www.radiomarket.fi\/en\/wp-json\/wp\/v2\/product\/36519"}],"collection":[{"href":"https:\/\/www.radiomarket.fi\/en\/wp-json\/wp\/v2\/product"}],"about":[{"href":"https:\/\/www.radiomarket.fi\/en\/wp-json\/wp\/v2\/types\/product"}],"wp:featuredmedia":[{"embeddable":true,"href":"https:\/\/www.radiomarket.fi\/en\/wp-json\/wp\/v2\/media\/36526"}],"wp:attachment":[{"href":"https:\/\/www.radiomarket.fi\/en\/wp-json\/wp\/v2\/media?parent=36519"}],"curies":[{"name":"wp","href":"https:\/\/api.w.org\/{rel}","templated":true}]}}