{"id":36532,"date":"2023-01-09T14:15:47","date_gmt":"2023-01-09T12:15:47","guid":{"rendered":"https:\/\/www.radiomarket.fi\/?post_type=product&#038;p=36532"},"modified":"2023-01-23T11:58:15","modified_gmt":"2023-01-23T09:58:15","slug":"ekub0362-philips-brilliance-201p-kuvaputkimonitori-20","status":"publish","type":"product","link":"https:\/\/www.radiomarket.fi\/en\/kohde\/ekub0362-philips-brilliance-201p-kuvaputkimonitori-20\/","title":{"rendered":"EKUB0362 Philips Brilliance 201P kuvaputkimonitori 20&#8243;"},"content":{"rendered":"Toimiva kuvaputkin\u00e4ytt\u00f6, kaikki v\u00e4rit toimivat. Kuvaruudun halkaisija kulmasta toiseen 50 cm. Suora kuvaputki. RGB-BNC-liit\u00e4nn\u00e4t ja vakio VGA-videokaapeli. USB-liit\u00e4nt\u00e4.\r\n\r\nVain noutotoimitus.","protected":false},"excerpt":{"rendered":"<p>Toimiva kuvaputkin\u00e4ytt\u00f6, kaikki v\u00e4rit toimivat. Kuvaruudun halkaisija kulmasta toiseen 50 cm. Suora kuvaputki. RGB-BNC-liit\u00e4nn\u00e4t ja vakio VGA-videokaapeli. USB-liit\u00e4nt\u00e4. Vain noutotoimitus.<\/p>","protected":false},"featured_media":36536,"template":"","meta":[],"_links":{"self":[{"href":"https:\/\/www.radiomarket.fi\/en\/wp-json\/wp\/v2\/product\/36532"}],"collection":[{"href":"https:\/\/www.radiomarket.fi\/en\/wp-json\/wp\/v2\/product"}],"about":[{"href":"https:\/\/www.radiomarket.fi\/en\/wp-json\/wp\/v2\/types\/product"}],"wp:featuredmedia":[{"embeddable":true,"href":"https:\/\/www.radiomarket.fi\/en\/wp-json\/wp\/v2\/media\/36536"}],"wp:attachment":[{"href":"https:\/\/www.radiomarket.fi\/en\/wp-json\/wp\/v2\/media?parent=36532"}],"curies":[{"name":"wp","href":"https:\/\/api.w.org\/{rel}","templated":true}]}}