{"id":36567,"date":"2023-01-11T10:53:06","date_gmt":"2023-01-11T08:53:06","guid":{"rendered":"https:\/\/www.radiomarket.fi\/?post_type=product&#038;p=36567"},"modified":"2024-04-11T13:31:12","modified_gmt":"2024-04-11T10:31:12","slug":"ekum2420-nos-ortofon-omp-5e-cartridge","status":"publish","type":"product","link":"https:\/\/www.radiomarket.fi\/en\/kohde\/ekum2420-nos-ortofon-omp-5e-cartridge\/","title":{"rendered":"EKUM2420 NOS Ortofon OMP 5E cartridge"},"content":{"rendered":"<p>Pelkk\u00e4 \u00e4\u00e4nirasia, ei neulaa.<\/p><p>Ei tutkittu tarkemmin, varmistathan tietojen oikeellisuuden myyj\u00e4lt\u00e4.<\/p>","protected":false},"excerpt":{"rendered":"<p>Pelkk\u00e4 \u00e4\u00e4nirasia, ei neulaa.Ei tutkittu tarkemmin, varmistathan tietojen oikeellisuuden myyj\u00e4lt\u00e4.<\/p>","protected":false},"featured_media":36568,"template":"","meta":[],"_links":{"self":[{"href":"https:\/\/www.radiomarket.fi\/en\/wp-json\/wp\/v2\/product\/36567"}],"collection":[{"href":"https:\/\/www.radiomarket.fi\/en\/wp-json\/wp\/v2\/product"}],"about":[{"href":"https:\/\/www.radiomarket.fi\/en\/wp-json\/wp\/v2\/types\/product"}],"wp:featuredmedia":[{"embeddable":true,"href":"https:\/\/www.radiomarket.fi\/en\/wp-json\/wp\/v2\/media\/36568"}],"wp:attachment":[{"href":"https:\/\/www.radiomarket.fi\/en\/wp-json\/wp\/v2\/media?parent=36567"}],"curies":[{"name":"wp","href":"https:\/\/api.w.org\/{rel}","templated":true}]}}