{"id":36583,"date":"2023-01-11T16:51:14","date_gmt":"2023-01-11T14:51:14","guid":{"rendered":"https:\/\/www.radiomarket.fi\/?post_type=product&#038;p=36583"},"modified":"2023-07-16T08:57:31","modified_gmt":"2023-07-16T05:57:31","slug":"ekus0250-basf-9210","status":"publish","type":"product","link":"https:\/\/www.radiomarket.fi\/en\/kohde\/ekus0250-basf-9210\/","title":{"rendered":"EKUS0250 BASF 9210"},"content":{"rendered":"<p>Per\u00e4valohintaan, testataan pyynn\u00f6st\u00e4 ja hinnoitellaan kunnon mukaan.<\/p>","protected":false},"excerpt":{"rendered":"<p>Per\u00e4valohintaan, testataan pyynn\u00f6st\u00e4 ja hinnoitellaan kunnon mukaan.<\/p>","protected":false},"featured_media":36584,"template":"","meta":[],"_links":{"self":[{"href":"https:\/\/www.radiomarket.fi\/en\/wp-json\/wp\/v2\/product\/36583"}],"collection":[{"href":"https:\/\/www.radiomarket.fi\/en\/wp-json\/wp\/v2\/product"}],"about":[{"href":"https:\/\/www.radiomarket.fi\/en\/wp-json\/wp\/v2\/types\/product"}],"wp:featuredmedia":[{"embeddable":true,"href":"https:\/\/www.radiomarket.fi\/en\/wp-json\/wp\/v2\/media\/36584"}],"wp:attachment":[{"href":"https:\/\/www.radiomarket.fi\/en\/wp-json\/wp\/v2\/media?parent=36583"}],"curies":[{"name":"wp","href":"https:\/\/api.w.org\/{rel}","templated":true}]}}